{"id":1502,"date":"2023-05-24T02:34:49","date_gmt":"2023-05-24T02:34:49","guid":{"rendered":"https:\/\/buy-machine.com\/?page_id=1502"},"modified":"2023-05-24T03:44:16","modified_gmt":"2023-05-24T03:44:16","slug":"privacy-policy","status":"publish","type":"page","link":"https:\/\/buy-machine.com\/de\/privacy-policy\/","title":{"rendered":"Datenschutz-Bestimmungen"},"content":{"rendered":"<div data-elementor-type=\"wp-page\" data-elementor-id=\"1502\" class=\"elementor elementor-1502\" data-elementor-post-type=\"page\">\n\t\t\t\t\t\t<section class=\"elementor-section elementor-top-section elementor-element elementor-element-610fb6e elementor-section-boxed elementor-section-height-default elementor-section-height-default\" data-id=\"610fb6e\" data-element_type=\"section\" data-e-type=\"section\" data-settings=\"{&quot;background_background&quot;:&quot;classic&quot;}\">\n\t\t\t\t\t\t\t<div class=\"elementor-background-overlay\"><\/div>\n\t\t\t\t\t\t\t<div class=\"elementor-container elementor-column-gap-default\">\n\t\t\t\t\t<div class=\"elementor-column elementor-col-100 elementor-top-column elementor-element elementor-element-ff0588b\" data-id=\"ff0588b\" data-element_type=\"column\" data-e-type=\"column\">\n\t\t\t<div class=\"elementor-widget-wrap elementor-element-populated\">\n\t\t\t\t\t\t<div class=\"elementor-element elementor-element-df83f48 elementor-widget__width-auto elementor-invisible elementor-widget elementor-widget-heading\" data-id=\"df83f48\" data-element_type=\"widget\" data-e-type=\"widget\" data-settings=\"{&quot;_animation&quot;:&quot;fadeInLeft&quot;}\" data-widget_type=\"heading.default\">\n\t\t\t\t<div class=\"elementor-widget-container\">\n\t\t\t\t\t<h2 class=\"elementor-heading-title elementor-size-default\">Datenschutz-Bestimmungen<\/h2>\t\t\t\t<\/div>\n\t\t\t\t<\/div>\n\t\t\t\t<div class=\"elementor-element elementor-element-f0cd3ff elementor-widget elementor-widget-woocommerce-breadcrumb\" data-id=\"f0cd3ff\" data-element_type=\"widget\" data-e-type=\"widget\" data-widget_type=\"woocommerce-breadcrumb.default\">\n\t\t\t\t<div class=\"elementor-widget-container\">\n\t\t\t\t\t<nav class=\"woocommerce-breadcrumb\" aria-label=\"Breadcrumb\" data-no-translation=\"\" data-trp-gettext=\"\">Startseite<\/nav>\t\t\t\t<\/div>\n\t\t\t\t<\/div>\n\t\t\t\t\t<\/div>\n\t\t<\/div>\n\t\t\t\t\t<\/div>\n\t\t<\/section>\n\t\t\t\t<section class=\"elementor-section elementor-top-section elementor-element elementor-element-ae682d7 elementor-section-boxed elementor-section-height-default elementor-section-height-default\" data-id=\"ae682d7\" data-element_type=\"section\" data-e-type=\"section\">\n\t\t\t\t\t\t<div class=\"elementor-container elementor-column-gap-default\">\n\t\t\t\t\t<div class=\"elementor-column elementor-col-100 elementor-top-column elementor-element elementor-element-4df2a4b\" data-id=\"4df2a4b\" data-element_type=\"column\" data-e-type=\"column\">\n\t\t\t<div class=\"elementor-widget-wrap elementor-element-populated\">\n\t\t\t\t\t\t<div class=\"elementor-element elementor-element-267b997 elementor-widget elementor-widget-text-editor\" data-id=\"267b997\" data-element_type=\"widget\" data-e-type=\"widget\" data-widget_type=\"text-editor.default\">\n\t\t\t\t<div class=\"elementor-widget-container\">\n\t\t\t\t\t\t\t\t\t<p>Shandong buy machine equipment co., ltd. ist bestrebt, Ihre Privatsph\u00e4re zu sch\u00fctzen und Ihr Vertrauen zu gewinnen. Shandong buy machine equipment co., ltd. verkauft, handelt oder vermietet Ihre pers\u00f6nlichen Daten nicht an Dritte. Diese Richtlinie legt die Datenschutzpraktiken f\u00fcr die Shandong buy machine equipment co., ltd. Website. Wir verwenden die Informationen, die wir \u00fcber Sie auf der Shandong buy machine equipment co., ltd. Website sammeln, um Bestellungen zu bearbeiten und eine Beziehung mit Ihnen w\u00e4hrend der Nutzung unserer Produkte und Dienstleistungen zu unterhalten. Diese Richtlinie erkl\u00e4rt, wie Ihre pers\u00f6nlichen Daten gesch\u00fctzt werden. Es ist unsere Absicht, Ihnen so viel Kontrolle wie m\u00f6glich \u00fcber Ihre Privatsph\u00e4re und pers\u00f6nlichen Daten und deren Verwendung in unserem Unternehmen zu geben. Diese Richtlinie kann sich \u00e4ndern, also schauen Sie bitte von Zeit zu Zeit wieder vorbei, um sich zu informieren.<\/p>\t\t\t\t\t\t\t\t<\/div>\n\t\t\t\t<\/div>\n\t\t\t\t<div class=\"elementor-element elementor-element-ea6be08 elementor-widget elementor-widget-heading\" data-id=\"ea6be08\" data-element_type=\"widget\" data-e-type=\"widget\" data-widget_type=\"heading.default\">\n\t\t\t\t<div class=\"elementor-widget-container\">\n\t\t\t\t\t<h5 class=\"elementor-heading-title elementor-size-default\">Wie verwendet Shandong buy machine equipment co., ltd. meine Informationen?<\/h5>\t\t\t\t<\/div>\n\t\t\t\t<\/div>\n\t\t\t\t<div class=\"elementor-element elementor-element-085eb28 elementor-widget elementor-widget-text-editor\" data-id=\"085eb28\" data-element_type=\"widget\" data-e-type=\"widget\" data-widget_type=\"text-editor.default\">\n\t\t\t\t<div class=\"elementor-widget-container\">\n\t\t\t\t\t\t\t\t\t<p>Wir sammeln personenbezogene Daten, um eine qualitativ hochwertige Benutzererfahrung zu bieten und um Shandong buy machine equipment co. ltd. dabei zu helfen, unsere Kunden besser zu verstehen. Shandong buy machine equipment co., ltd. verkauft, handelt oder vermietet Ihre pers\u00f6nlichen Daten nicht an Dritte. Die pers\u00f6nlichen Daten, die Sie uns zur Verf\u00fcgung stellen, erm\u00f6glichen es Shandong buy machine equipment co., ltd. Ihre Anfrage f\u00fcr einen kostenlosen Test des Shandong buy machine equipment co., ltd. zu bearbeiten und zu erf\u00fcllen. Schulungszentrum. Wir verwenden diese Informationen auch, wenn Sie sich entscheiden, unsere Produkte und Dienstleistungen zu bestellen, um Ihre Bestellung zu bearbeiten und abzuschlie\u00dfen und Sie \u00fcber den Status Ihrer Bestellung zu informieren.<\/p><ul><li>Wir verwenden die von Ihnen angegebenen pers\u00f6nlichen Daten, um Ihnen aktuelle Informationen \u00fcber die Produkte und Dienstleistungen von Shandong buy machine equipment co. ltd. zukommen zu lassen.<\/li><li>Wir k\u00f6nnen die von uns gesammelten Informationen verwenden, um Sie von Zeit zu Zeit \u00fcber wichtige Funktions\u00e4nderungen auf der Website, neue Dienstleistungen und Produkte von Shandong Buy Machine Equipment Ltd. sowie \u00fcber spezielle Angebote zu informieren, von denen wir glauben, dass sie f\u00fcr Sie interessant sind.<\/li><li>Wenn Sie uns pers\u00f6nliche Daten zur Verf\u00fcgung stellen, um an einem Wettbewerb oder einer Werbeaktion teilzunehmen, die von Shandong buy machine equipment co. ltd. oder seinen Partnern gesponsert wird, verwenden wir diese Daten, um den Wettbewerb zu verwalten und die Gewinner zu benachrichtigen. Wir speichern alle Informationen im Zusammenhang mit solchen Wettbewerben und Werbeaktionen.<\/li><li>Wir werden unseren Kunden anhand der von Ihnen \u00fcbermittelten pers\u00f6nlichen Daten gezielte Werbung oder Promotionen zukommen lassen. Wir gestatten den Werbetreibenden keinen Zugriff auf individuelle Kontoinformationen. Bei diesen Anzeigen handelt es sich in der Regel um Banner und Werbe-E-Mails.<\/li><li>Wir erforschen auch die demografischen Daten, Interessen und das Verhalten unserer Nutzer auf der Grundlage der Informationen, die Sie uns in unserem Online-Umfragetool geben. Wir sammeln und analysieren diese Informationen auf einer aggregierten oder anonymen Basis.<\/li><li>Wir verwenden die von uns erfassten IP-Adressen, um unseren Werbekunden aggregierte oder anonyme Informationen zu \u00fcbermitteln.<\/li><\/ul>\t\t\t\t\t\t\t\t<\/div>\n\t\t\t\t<\/div>\n\t\t\t\t<div class=\"elementor-element elementor-element-89b4e86 elementor-widget elementor-widget-heading\" data-id=\"89b4e86\" data-element_type=\"widget\" data-e-type=\"widget\" data-widget_type=\"heading.default\">\n\t\t\t\t<div class=\"elementor-widget-container\">\n\t\t\t\t\t<h5 class=\"elementor-heading-title elementor-size-default\">Wer sammelt Informationen?<\/h5>\t\t\t\t<\/div>\n\t\t\t\t<\/div>\n\t\t\t\t<div class=\"elementor-element elementor-element-2579cec elementor-widget elementor-widget-text-editor\" data-id=\"2579cec\" data-element_type=\"widget\" data-e-type=\"widget\" data-widget_type=\"text-editor.default\">\n\t\t\t\t<div class=\"elementor-widget-container\">\n\t\t\t\t\t\t\t\t\t<p>Wenn Sie auf einer Website von Shandong buy machine equipment co., ltd. pers\u00f6nliche Daten angeben, geben Sie diese Daten nur an Shandong buy machine equipment co., ltd. weiter, es sei denn, es wird Ihnen ausdr\u00fccklich etwas anderes mitgeteilt. Wenn ein anderes Unternehmen als Shandong buy machine equipment co., ltd. Ihre pers\u00f6nlichen Daten von unserer Website sammelt oder verwaltet, werden Sie dar\u00fcber informiert, bevor sie gesammelt oder \u00fcbertragen werden. Sie k\u00f6nnen sich jederzeit entscheiden, die Informationen nicht weiterzugeben. Wenn andere Unternehmen als Shandong buy machine equipment co., ltd. Werbeaktionen sponsern, k\u00f6nnen Daten, die auf der Website von Shandong buy machine equipment co., ltd. in Verbindung mit diesen Werbeaktionen gesammelt werden, an den Sponsor weitergegeben werden. Auch in diesem Fall werden Sie benachrichtigt, bevor die Daten gesammelt oder \u00fcbertragen werden, und Sie k\u00f6nnen entscheiden, nicht teilzunehmen. Die meisten dieser Werbeaktionen sind auf Einwohner der Vereinigten Staaten oder Nordamerikas beschr\u00e4nkt. Wenn Sie unsere Website \u00fcber Links verlassen, die zu anderen Websites Dritter f\u00fchren, k\u00f6nnen diese Dritten Informationen \u00fcber Sie sammeln. Diese Datenschutzrichtlinie gilt nicht f\u00fcr die Praktiken dieser Unternehmen.<\/p>\t\t\t\t\t\t\t\t<\/div>\n\t\t\t\t<\/div>\n\t\t\t\t<div class=\"elementor-element elementor-element-4ab54b5 elementor-widget elementor-widget-heading\" data-id=\"4ab54b5\" data-element_type=\"widget\" data-e-type=\"widget\" data-widget_type=\"heading.default\">\n\t\t\t\t<div class=\"elementor-widget-container\">\n\t\t\t\t\t<h5 class=\"elementor-heading-title elementor-size-default\">Gibt Shandong buy machine equipment co., ltd. meine Informationen weiter?<\/h5>\t\t\t\t<\/div>\n\t\t\t\t<\/div>\n\t\t\t\t<div class=\"elementor-element elementor-element-61845a0 elementor-widget elementor-widget-text-editor\" data-id=\"61845a0\" data-element_type=\"widget\" data-e-type=\"widget\" data-widget_type=\"text-editor.default\">\n\t\t\t\t<div class=\"elementor-widget-container\">\n\t\t\t\t\t\t\t\t\t<p>Au\u00dfer wie in dieser Richtlinie angegeben, gibt Shandong buy machine equipment co., ltd. keine Ihrer pers\u00f6nlichen Daten ohne Ihre Zustimmung an Dritte weiter. Lesen Sie die folgenden Abschnitte, um mehr zu erfahren.<\/p>\t\t\t\t\t\t\t\t<\/div>\n\t\t\t\t<\/div>\n\t\t\t\t<div class=\"elementor-element elementor-element-4fd808e elementor-widget elementor-widget-heading\" data-id=\"4fd808e\" data-element_type=\"widget\" data-e-type=\"widget\" data-widget_type=\"heading.default\">\n\t\t\t\t<div class=\"elementor-widget-container\">\n\t\t\t\t\t<h5 class=\"elementor-heading-title elementor-size-default\">Andere Situationen<\/h5>\t\t\t\t<\/div>\n\t\t\t\t<\/div>\n\t\t\t\t<div class=\"elementor-element elementor-element-5c6a3b9 elementor-widget elementor-widget-text-editor\" data-id=\"5c6a3b9\" data-element_type=\"widget\" data-e-type=\"widget\" data-widget_type=\"text-editor.default\">\n\t\t\t\t<div class=\"elementor-widget-container\">\n\t\t\t\t\t\t\t\t\t<p>Shandong buy machine equipment co., ltd. kann Ihre Daten auch offenlegen, wenn die Offenlegung notwendig ist, um jemanden zu identifizieren, zu kontaktieren oder rechtliche Schritte gegen jemanden einzuleiten, der unsere Rechte oder Eigentumsrechte, die Rechte der Benutzer oder die Rechte anderer verletzt oder beeintr\u00e4chtigt. In gleicher Weise wird Shandong buy machine equipment co., ltd. Informationen offenlegen, wenn wir vern\u00fcnftigerweise glauben, dass die Offenlegung gesetzlich erforderlich ist oder um einem rechtlichen Verfahren nachzukommen, das Shandong buy machine equipment co., ltd. oder seiner Website zugestellt wurde. Wir k\u00f6nnen Ihre pers\u00f6nlichen Daten offenlegen, wenn wir in gutem Glauben davon ausgehen, dass wir unter dringenden Umst\u00e4nden handeln m\u00fcssen, um die pers\u00f6nliche Sicherheit der Benutzer von Shandong buy machine equipment co. ltd., ihrer Website oder der \u00d6ffentlichkeit zu sch\u00fctzen.<\/p>\t\t\t\t\t\t\t\t<\/div>\n\t\t\t\t<\/div>\n\t\t\t\t<div class=\"elementor-element elementor-element-2cffed7 elementor-widget elementor-widget-heading\" data-id=\"2cffed7\" data-element_type=\"widget\" data-e-type=\"widget\" data-widget_type=\"heading.default\">\n\t\t\t\t<div class=\"elementor-widget-container\">\n\t\t\t\t\t<h5 class=\"elementor-heading-title elementor-size-default\">Wie sch\u00fctzt Shandong buy machine equipment co., ltd. Ihre Kreditkarten- und Finanzdaten?<\/h5>\t\t\t\t<\/div>\n\t\t\t\t<\/div>\n\t\t\t\t<div class=\"elementor-element elementor-element-3cb68d9 elementor-widget elementor-widget-text-editor\" data-id=\"3cb68d9\" data-element_type=\"widget\" data-e-type=\"widget\" data-widget_type=\"text-editor.default\">\n\t\t\t\t<div class=\"elementor-widget-container\">\n\t\t\t\t\t\t\t\t\t<p>Wir verpflichten uns, die Privatsph\u00e4re Ihrer Kreditkarten- und Kontodaten zu sch\u00fctzen. Wir verkaufen, handeln oder vermieten Ihre Finanz- oder Kreditkarteninformationen nicht. Wir geben diese Informationen nicht ohne Ihre Zustimmung an Dritte weiter. Wir k\u00f6nnen statistische Daten \u00fcber unsere Kunden an Werbetreibende, Partner, Verk\u00e4ufer und andere seri\u00f6se Dritte weitergeben. Bei diesen Daten handelt es sich ausschlie\u00dflich um zusammengefasste oder anonyme Daten, die keine pers\u00f6nlich identifizierbaren Informationen enthalten. Wir geben zum Beispiel nicht bekannt, dass Sie ein bestimmtes Produkt gekauft haben, aber wir k\u00f6nnen Statistiken dar\u00fcber ver\u00f6ffentlichen, wie viele Kunden ein bestimmtes Produkt gekauft haben. Wenn Sie auf unserer Website Kreditkartendaten eingeben, \u00fcbertragen wir die Daten in verschl\u00fcsseltem Format unter Verwendung der branchen\u00fcblichen SSL-Verschl\u00fcsselung (Secure Socket Layer).<\/p>\t\t\t\t\t\t\t\t<\/div>\n\t\t\t\t<\/div>\n\t\t\t\t<div class=\"elementor-element elementor-element-0d56093 elementor-widget elementor-widget-heading\" data-id=\"0d56093\" data-element_type=\"widget\" data-e-type=\"widget\" data-widget_type=\"heading.default\">\n\t\t\t\t<div class=\"elementor-widget-container\">\n\t\t\t\t\t<h5 class=\"elementor-heading-title elementor-size-default\">Ihre Rechte in Bezug auf Ihre pers\u00f6nlichen Daten<\/h5>\t\t\t\t<\/div>\n\t\t\t\t<\/div>\n\t\t\t\t<div class=\"elementor-element elementor-element-aa04cfe elementor-widget elementor-widget-text-editor\" data-id=\"aa04cfe\" data-element_type=\"widget\" data-e-type=\"widget\" data-widget_type=\"text-editor.default\">\n\t\t\t\t<div class=\"elementor-widget-container\">\n\t\t\t\t\t\t\t\t\t<p>Sie haben gem\u00e4\u00df dieser Datenschutz- und Cookie-Richtlinie und per Gesetz, wenn Sie sich in der EU befinden, das Recht auf:<\/p><ul><li><b><\/b><strong><b>Zugang zu Ihren pers\u00f6nlichen Daten beantragen.\u00a0<\/b><\/strong>Wenn Sie sich in der EU befinden, k\u00f6nnen Sie auf diese Weise eine Kopie der personenbezogenen Daten erhalten, die wir \u00fcber Sie gespeichert haben, und \u00fcberpr\u00fcfen, ob wir sie rechtm\u00e4\u00dfig verarbeiten.<\/li><li><b><\/b><strong><b>die Berichtigung der personenbezogenen Daten, die wir \u00fcber Sie gespeichert haben, verlangen.\u00a0<\/b><\/strong>Auf diese Weise haben Sie die M\u00f6glichkeit, unvollst\u00e4ndige oder ungenaue Informationen, die wir \u00fcber Sie gespeichert haben, korrigieren zu lassen.<\/li><li><b><\/b><strong><b>die L\u00f6schung Ihrer pers\u00f6nlichen Daten zu beantragen.\u00a0<\/b><\/strong>Auf diese Weise k\u00f6nnen Sie von uns verlangen, dass wir Ihre personenbezogenen Daten l\u00f6schen oder entfernen, wenn es keinen triftigen Grund gibt, sie weiter zu verarbeiten. Wenn Sie sich in der EU aufhalten, haben Sie au\u00dferdem das Recht, von uns die L\u00f6schung oder Entfernung Ihrer personenbezogenen Daten zu verlangen, wenn Sie von Ihrem Recht Gebrauch gemacht haben, der Verarbeitung zu widersprechen (siehe unten).<\/li><li><b><\/b><strong><b>Widerspruch gegen die Verarbeitung Ihrer personenbezogenen Daten.\u00a0<\/b><\/strong>Dieses Recht besteht, wenn wir uns auf ein berechtigtes Interesse als Rechtsgrundlage f\u00fcr unsere Verarbeitung st\u00fctzen und es etwas an Ihrer besonderen Situation gibt, das Sie dazu veranlasst, der Verarbeitung Ihrer personenbezogenen Daten aus diesem Grund zu widersprechen. Sie haben auch das Recht, Widerspruch einzulegen, wenn wir Ihre personenbezogenen Daten f\u00fcr Direktmarketingzwecke verarbeiten.<\/li><li><b><\/b><strong><b>die Einschr\u00e4nkung der Verarbeitung Ihrer personenbezogenen Daten zu verlangen.\u00a0<\/b><\/strong>Auf diese Weise k\u00f6nnen Sie uns auffordern, die Verarbeitung der Sie betreffenden personenbezogenen Daten auszusetzen, wenn Sie zum Beispiel m\u00f6chten, dass wir die Richtigkeit der Daten oder den Grund f\u00fcr ihre Verarbeitung \u00fcberpr\u00fcfen.<\/li><li><b><\/b><strong><b>die \u00dcbermittlung Ihrer pers\u00f6nlichen Daten beantragen.\u00a0<\/b><\/strong>Wenn Sie sich in der EU befinden, stellen wir Ihnen oder einem von Ihnen gew\u00e4hlten Dritten Ihre personenbezogenen Daten in einem strukturierten, allgemein gebr\u00e4uchlichen und maschinenlesbaren Format zur Verf\u00fcgung. Beachten Sie, dass dieses Recht nur f\u00fcr automatisierte Daten gilt, deren Verwendung Sie urspr\u00fcnglich zugestimmt haben, oder wenn wir die Daten zur Erf\u00fcllung eines Vertrags mit Ihnen verwendet haben.<\/li><li><b><\/b><strong><b>Zustimmung zur\u00fcckziehen.\u00a0<\/b><\/strong>Dieses Recht besteht nur, wenn wir uns auf eine Einwilligung zur Verarbeitung Ihrer personenbezogenen Daten st\u00fctzen (\"Widerruf der Einwilligung\"). Wenn Sie Ihre Zustimmung zur\u00fcckziehen, k\u00f6nnen wir Ihnen m\u00f6glicherweise keinen Zugang zu bestimmten Funktionen unserer Website gew\u00e4hren. Wir werden Sie dar\u00fcber informieren, wenn dies der Fall ist, wenn Sie Ihre Zustimmung zur\u00fcckziehen.<\/li><\/ul>\t\t\t\t\t\t\t\t<\/div>\n\t\t\t\t<\/div>\n\t\t\t\t<div class=\"elementor-element elementor-element-4643928 elementor-widget elementor-widget-heading\" data-id=\"4643928\" data-element_type=\"widget\" data-e-type=\"widget\" data-widget_type=\"heading.default\">\n\t\t\t\t<div class=\"elementor-widget-container\">\n\t\t\t\t\t<h5 class=\"elementor-heading-title elementor-size-default\">Beanstandungen<\/h5>\t\t\t\t<\/div>\n\t\t\t\t<\/div>\n\t\t\t\t<div class=\"elementor-element elementor-element-d4c37d3 elementor-widget elementor-widget-text-editor\" data-id=\"d4c37d3\" data-element_type=\"widget\" data-e-type=\"widget\" data-widget_type=\"text-editor.default\">\n\t\t\t\t<div class=\"elementor-widget-container\">\n\t\t\t\t\t\t\t\t\t<p>Wenn Sie eine Beschwerde \u00fcber diese Datenschutzrichtlinie oder unsere Praktiken in Bezug auf Ihre pers\u00f6nlichen Daten einreichen m\u00f6chten, kontaktieren Sie uns bitte unter: marc.wins@skilldynamics.com<\/p><p>Wir werden Ihre Beschwerde so schnell wie m\u00f6glich beantworten.<\/p><p>Wenn Sie der Meinung sind, dass Ihre Beschwerde nicht angemessen gel\u00f6st wurde, beachten Sie bitte, dass Sie, wenn Sie sich in der EU befinden, gem\u00e4\u00df der Datenschutz-Grundverordnung das Recht haben, sich an Ihre \u00f6rtliche Datenschutzaufsichtsbeh\u00f6rde zu wenden.<\/p><p>Log-Dateien: Informationen aus Protokolldateien werden automatisch von Ihrem Browser gemeldet, wenn Sie eine Webseite aufrufen. Wenn Sie die Dienste nutzen, zeichnen unsere Server automatisch bestimmte Informationen auf, die Ihr Webbrowser sendet, wenn Sie eine Website besuchen. Diese Serverprotokolle k\u00f6nnen Informationen wie Ihre Webanforderung, Internetprotokolladresse, Browsertyp, Verweis-\/Ausgangsseiten und URLs, Anzahl der Klicks, Dom\u00e4nennamen, Zielseiten, angesehene Seiten und andere derartige Informationen enthalten.<\/p>\t\t\t\t\t\t\t\t<\/div>\n\t\t\t\t<\/div>\n\t\t\t\t<div class=\"elementor-element elementor-element-294c9ff elementor-widget elementor-widget-heading\" data-id=\"294c9ff\" data-element_type=\"widget\" data-e-type=\"widget\" data-widget_type=\"heading.default\">\n\t\t\t\t<div class=\"elementor-widget-container\">\n\t\t\t\t\t<h5 class=\"elementor-heading-title elementor-size-default\">Wie lange wir Ihre pers\u00f6nlichen Daten speichern<\/h5>\t\t\t\t<\/div>\n\t\t\t\t<\/div>\n\t\t\t\t<div class=\"elementor-element elementor-element-ebcec38 elementor-widget elementor-widget-text-editor\" data-id=\"ebcec38\" data-element_type=\"widget\" data-e-type=\"widget\" data-widget_type=\"text-editor.default\">\n\t\t\t\t<div class=\"elementor-widget-container\">\n\t\t\t\t\t\t\t\t\t<p>Wir werden Ihre Daten so lange aufbewahren, wie Ihr Konto aktiv ist oder sie f\u00fcr die unter \"Wie wir Ihre personenbezogenen Daten verwenden und warum\" beschriebenen Zwecke ben\u00f6tigt werden, es sei denn, Sie verlangen, dass wir Ihre personenbezogenen Daten wie unter \"Ihre Rechte in Bezug auf Ihre personenbezogenen Daten\" beschrieben l\u00f6schen. Wir bewahren Ihre personenbezogenen Daten nur so lange auf, wie wir sie vern\u00fcnftigerweise f\u00fcr diese Zwecke ben\u00f6tigen, es sei denn, eine l\u00e4ngere Aufbewahrungsfrist ist gesetzlich vorgeschrieben (z. B. f\u00fcr regulatorische Zwecke). Dazu kann es geh\u00f6ren, dass wir Ihre personenbezogenen Daten nach der Deaktivierung Ihres Kontos so lange aufbewahren, wie es f\u00fcr die Verfolgung unserer berechtigten Gesch\u00e4ftsinteressen, die Durchf\u00fchrung von Pr\u00fcfungen, die Erf\u00fcllung (und den Nachweis der Erf\u00fcllung) rechtlicher Verpflichtungen, die Beilegung von Streitigkeiten und die Durchsetzung unserer Vereinbarungen erforderlich ist.<\/p>\t\t\t\t\t\t\t\t<\/div>\n\t\t\t\t<\/div>\n\t\t\t\t<div class=\"elementor-element elementor-element-4512812 elementor-widget elementor-widget-heading\" data-id=\"4512812\" data-element_type=\"widget\" data-e-type=\"widget\" data-widget_type=\"heading.default\">\n\t\t\t\t<div class=\"elementor-widget-container\">\n\t\t\t\t\t<h5 class=\"elementor-heading-title elementor-size-default\">Was sind Cookies und wie werden sie von Shandong buy machine equipment co., ltd. verwendet?<\/h5>\t\t\t\t<\/div>\n\t\t\t\t<\/div>\n\t\t\t\t<div class=\"elementor-element elementor-element-6c0bb79 elementor-widget elementor-widget-text-editor\" data-id=\"6c0bb79\" data-element_type=\"widget\" data-e-type=\"widget\" data-widget_type=\"text-editor.default\">\n\t\t\t\t<div class=\"elementor-widget-container\">\n\t\t\t\t\t\t\t\t\t<p>Teile unseres Lernmanagementsystems verwenden \"Cookies\", um einen Nutzer sofort zu erkennen und ihm dann verschiedene Berechtigungen zuzuweisen, die mit Funktionen im System verbunden sind. Ein \"Cookie\" ist ein Datenpaket, das von einem Webserver an Ihren Browser gesendet und von Ihrem Browser auf der Festplatte Ihres Computers gespeichert wird. Ihr Browser muss so eingestellt sein, dass er Cookies akzeptiert, bevor Sie sich anmelden oder Ihre Einstellungen vornehmen k\u00f6nnen. Die meisten Browser sind so eingestellt, dass sie Cookies akzeptieren, aber Sie k\u00f6nnen Ihre Browsereinstellungen in der Regel so \u00e4ndern, dass sie diese ablehnen. Shandong buy machine equipment co., ltd. verwendet keine Cookies, um pers\u00f6nliche Informationen \u00fcber Sie von Ihrem Computer abzurufen. Diese Richtlinie gilt nicht f\u00fcr die Verwendung von Cookies durch Werbekunden auf unserer Website. Shandong buy machine equipment co., ltd. verwendet Cookies, um: Ihren Namen und Ihre Kontoinformationen ausfindig zu machen, wenn Sie sich in Ihrem Shandong buy machine equipment co., ltd. Training Center anmelden, damit Sie auf Ihre Kontodaten zugreifen k\u00f6nnen. Wenn Sie sich anmelden, wird das Cookie gesetzt, und wenn Sie sich abmelden, wird das Cookie ge\u00e4ndert. Sch\u00e4tzen Sie die Gr\u00f6\u00dfe unseres Publikums. Jeder Browser, der auf Shandong buy machine equipment co., ltd. zugreift, erh\u00e4lt ein eindeutiges Cookie, das dazu dient, zu berechnen, wie viele Personen auf unsere Website zur\u00fcckkehren, die Anzahl der registrierten und nicht registrierten Besucher unserer Website zu vergleichen und die Interessen und das Verhalten der Kunden zu nutzen, um unsere Werbung gezielt zu gestalten. Sie helfen den Partnern von Shandong buy machine equipment co., ltd. dabei, Besuche zu verfolgen und Gesch\u00e4ftstransaktionen abzuschlie\u00dfen. Diese Informationen werden manchmal als \"Clickstream\" oder \"Click Trail\" bezeichnet. Verfolgen Sie, wie Sie unsere Werbeaktionen, Wettbewerbe und Verk\u00e4ufe nutzen. Wenn eine von Shandong buy machine equipment co., ltd. gehostete Werbeaktion Cookies verwendet, verfolgen die in den Cookie geschriebenen Informationen den Fortschritt des Benutzers w\u00e4hrend der Werbeaktion (z. B. Eintr\u00e4ge, Einsendungen und Status bei Preisverlosungen). Messen Sie den Verkehr zu verschiedenen Bereichen der Shandong buy machine equipment co., ltd. Website. Wir messen die Bereiche des Netzwerks von Websites, die Sie besuchen, und Ihre Besuchsmuster in der Gesamtheit. Diese Untersuchung hilft uns zu verstehen, inwiefern sich unsere Kunden \u00e4hneln und inwiefern sie sich unterscheiden. Wir k\u00f6nnen diese Informationen verwenden, um die Informationen und das Design auf unserer Website zu personalisieren.<\/p>\t\t\t\t\t\t\t\t<\/div>\n\t\t\t\t<\/div>\n\t\t\t\t\t<\/div>\n\t\t<\/div>\n\t\t\t\t\t<\/div>\n\t\t<\/section>\n\t\t\t\t<\/div>","protected":false},"excerpt":{"rendered":"<p>Privacy Policy Shandong buy machine equipment co., ltd. is committed to protecting your privacy and earning your trust. Shandong buy machine equipment co., ltd. does not sell, trade, or rent your personal information to others. This policy discloses the privacy practices for the Shandong buy machine equipment co., ltd. Web site. We use the information [&hellip;]<\/p>\n","protected":false},"author":1,"featured_media":0,"parent":0,"menu_order":0,"comment_status":"closed","ping_status":"closed","template":"elementor_header_footer","meta":{"footnotes":""},"class_list":["post-1502","page","type-page","status-publish","hentry"],"blocksy_meta":{"styles_descriptor":{"styles":{"desktop":"","tablet":"","mobile":""},"google_fonts":[],"version":6}},"_links":{"self":[{"href":"https:\/\/buy-machine.com\/de\/wp-json\/wp\/v2\/pages\/1502","targetHints":{"allow":["GET"]}}],"collection":[{"href":"https:\/\/buy-machine.com\/de\/wp-json\/wp\/v2\/pages"}],"about":[{"href":"https:\/\/buy-machine.com\/de\/wp-json\/wp\/v2\/types\/page"}],"author":[{"embeddable":true,"href":"https:\/\/buy-machine.com\/de\/wp-json\/wp\/v2\/users\/1"}],"replies":[{"embeddable":true,"href":"https:\/\/buy-machine.com\/de\/wp-json\/wp\/v2\/comments?post=1502"}],"version-history":[{"count":0,"href":"https:\/\/buy-machine.com\/de\/wp-json\/wp\/v2\/pages\/1502\/revisions"}],"wp:attachment":[{"href":"https:\/\/buy-machine.com\/de\/wp-json\/wp\/v2\/media?parent=1502"}],"curies":[{"name":"wp","href":"https:\/\/api.w.org\/{rel}","templated":true}]}}