{"id":1512,"date":"2023-05-24T03:12:20","date_gmt":"2023-05-24T03:12:20","guid":{"rendered":"https:\/\/buy-machine.com\/?page_id=1512"},"modified":"2023-05-31T01:14:19","modified_gmt":"2023-05-31T01:14:19","slug":"refund-policy","status":"publish","type":"page","link":"https:\/\/buy-machine.com\/de\/refund-policy\/","title":{"rendered":"Erstattungspolitik"},"content":{"rendered":"<div data-elementor-type=\"wp-page\" data-elementor-id=\"1512\" class=\"elementor elementor-1512\" data-elementor-post-type=\"page\">\n\t\t\t\t\t\t<section class=\"elementor-section elementor-top-section elementor-element elementor-element-1b3d6fec elementor-section-boxed elementor-section-height-default elementor-section-height-default\" data-id=\"1b3d6fec\" data-element_type=\"section\" data-e-type=\"section\" data-settings=\"{&quot;background_background&quot;:&quot;classic&quot;}\">\n\t\t\t\t\t\t\t<div class=\"elementor-background-overlay\"><\/div>\n\t\t\t\t\t\t\t<div class=\"elementor-container elementor-column-gap-default\">\n\t\t\t\t\t<div class=\"elementor-column elementor-col-100 elementor-top-column elementor-element elementor-element-fb2911a\" data-id=\"fb2911a\" data-element_type=\"column\" data-e-type=\"column\">\n\t\t\t<div class=\"elementor-widget-wrap elementor-element-populated\">\n\t\t\t\t\t\t<div class=\"elementor-element elementor-element-77fdc9e8 elementor-widget__width-auto elementor-invisible elementor-widget elementor-widget-heading\" data-id=\"77fdc9e8\" data-element_type=\"widget\" data-e-type=\"widget\" data-settings=\"{&quot;_animation&quot;:&quot;fadeInLeft&quot;}\" data-widget_type=\"heading.default\">\n\t\t\t\t<div class=\"elementor-widget-container\">\n\t\t\t\t\t<h2 class=\"elementor-heading-title elementor-size-default\">  <\/h2>\t\t\t\t<\/div>\n\t\t\t\t<\/div>\n\t\t\t\t<div class=\"elementor-element elementor-element-2fce5fd elementor-widget__width-auto elementor-invisible elementor-widget elementor-widget-heading\" data-id=\"2fce5fd\" data-element_type=\"widget\" data-e-type=\"widget\" data-settings=\"{&quot;_animation&quot;:&quot;fadeInLeft&quot;}\" data-widget_type=\"heading.default\">\n\t\t\t\t<div class=\"elementor-widget-container\">\n\t\t\t\t\t<h2 class=\"elementor-heading-title elementor-size-default\">Erstattungspolitik<\/h2>\t\t\t\t<\/div>\n\t\t\t\t<\/div>\n\t\t\t\t<div class=\"elementor-element elementor-element-15428564 elementor-widget elementor-widget-woocommerce-breadcrumb\" data-id=\"15428564\" data-element_type=\"widget\" data-e-type=\"widget\" data-widget_type=\"woocommerce-breadcrumb.default\">\n\t\t\t\t<div class=\"elementor-widget-container\">\n\t\t\t\t\t<nav class=\"woocommerce-breadcrumb\" aria-label=\"Breadcrumb\" data-no-translation=\"\" data-trp-gettext=\"\">Startseite<\/nav>\t\t\t\t<\/div>\n\t\t\t\t<\/div>\n\t\t\t\t\t<\/div>\n\t\t<\/div>\n\t\t\t\t\t<\/div>\n\t\t<\/section>\n\t\t\t\t<section class=\"elementor-section elementor-top-section elementor-element elementor-element-2584e3c elementor-section-boxed elementor-section-height-default elementor-section-height-default\" data-id=\"2584e3c\" data-element_type=\"section\" data-e-type=\"section\">\n\t\t\t\t\t\t<div class=\"elementor-container elementor-column-gap-default\">\n\t\t\t\t\t<div class=\"elementor-column elementor-col-100 elementor-top-column elementor-element elementor-element-fbec52b\" data-id=\"fbec52b\" data-element_type=\"column\" data-e-type=\"column\">\n\t\t\t<div class=\"elementor-widget-wrap elementor-element-populated\">\n\t\t\t\t\t\t<div class=\"elementor-element elementor-element-514b8ca elementor-widget elementor-widget-text-editor\" data-id=\"514b8ca\" data-element_type=\"widget\" data-e-type=\"widget\" data-widget_type=\"text-editor.default\">\n\t\t\t\t<div class=\"elementor-widget-container\">\n\t\t\t\t\t\t\t\t\t<p>Bei Shandong buy machine equipment co., ltd. bem\u00fchen wir uns, qualitativ hochwertige Produkte und einen ausgezeichneten Kundenservice anzubieten. Wir verstehen, dass manchmal ein Produkt nicht Ihre Erwartungen erf\u00fcllen kann. In einem solchen Fall bieten wir eine R\u00fcckerstattungspolitik, die es Ihnen erm\u00f6glicht, das Produkt innerhalb eines bestimmten Zeitraums ab dem Kaufdatum zur\u00fcckzugeben.<\/p><p>Bitte beachten Sie, dass wir keine Versprechungen oder Garantien f\u00fcr das Ergebnis eines von uns angebotenen Produkts geben k\u00f6nnen. Wir bem\u00fchen uns, qualitativ hochwertige Produkte anzubieten, aber der Erfolg eines jeden Produkts h\u00e4ngt von verschiedenen Faktoren ab, die au\u00dferhalb unserer Kontrolle liegen. Daher k\u00f6nnen wir keine R\u00fcckerstattungen auf der Grundlage des Ergebnisses eines Produkts anbieten.<\/p><p><strong>Unsere R\u00fcckerstattungspolitik ist wie folgt:<\/strong><br \/>Wenn Sie mit dem Produkt nicht zufrieden sind, haben Sie m\u00f6glicherweise Anspruch auf eine R\u00fcckgabe.<br \/>Um eine R\u00fccksendung zu veranlassen, kontaktieren Sie uns bitte unter leo-yue@qilumachinery.com.<br \/>Das Produkt muss originalverpackt und in neuem Zustand sein, um f\u00fcr eine R\u00fcckgabe in Frage zu kommen.<br \/>Die Versand- und Bearbeitungsgeb\u00fchren werden nicht erstattet.<br \/>Sobald wir das Produkt erhalten, werden wir es bewerten und entscheiden, ob eine R\u00fccksendung angemessen ist.<br \/>Bitte beachten Sie, dass wir uns das Recht vorbehalten, eine R\u00fccksendung abzulehnen, wenn das Produkt nicht den Kriterien unserer R\u00fcckgabepolitik entspricht.<\/p><p>Vielen Dank, dass Sie Shandong buy machine equipment co. ltd. als Ihren Produktlieferanten gew\u00e4hlt haben. <br \/>Sollten Sie Fragen oder Bedenken bez\u00fcglich unserer R\u00fcckerstattungspolitik haben, z\u00f6gern Sie bitte nicht, uns unter leo-yue@qilumachinery.com zu kontaktieren.<\/p>\t\t\t\t\t\t\t\t<\/div>\n\t\t\t\t<\/div>\n\t\t\t\t\t<\/div>\n\t\t<\/div>\n\t\t\t\t\t<\/div>\n\t\t<\/section>\n\t\t\t\t<\/div>","protected":false},"excerpt":{"rendered":"<p>Refund policy At Shandong buy machine equipment co., ltd\uff0cwe strive to provide high-quality products and excellent customer service. We understand that sometimes a product may not meet your expectations. In such an event, we offer a refund policy that allows you to return the product within a certain period of time from the date of [&hellip;]<\/p>\n","protected":false},"author":1,"featured_media":0,"parent":0,"menu_order":0,"comment_status":"closed","ping_status":"closed","template":"elementor_header_footer","meta":{"footnotes":""},"class_list":["post-1512","page","type-page","status-publish","hentry"],"blocksy_meta":{"styles_descriptor":{"styles":{"desktop":"","tablet":"","mobile":""},"google_fonts":[],"version":6}},"_links":{"self":[{"href":"https:\/\/buy-machine.com\/de\/wp-json\/wp\/v2\/pages\/1512","targetHints":{"allow":["GET"]}}],"collection":[{"href":"https:\/\/buy-machine.com\/de\/wp-json\/wp\/v2\/pages"}],"about":[{"href":"https:\/\/buy-machine.com\/de\/wp-json\/wp\/v2\/types\/page"}],"author":[{"embeddable":true,"href":"https:\/\/buy-machine.com\/de\/wp-json\/wp\/v2\/users\/1"}],"replies":[{"embeddable":true,"href":"https:\/\/buy-machine.com\/de\/wp-json\/wp\/v2\/comments?post=1512"}],"version-history":[{"count":0,"href":"https:\/\/buy-machine.com\/de\/wp-json\/wp\/v2\/pages\/1512\/revisions"}],"wp:attachment":[{"href":"https:\/\/buy-machine.com\/de\/wp-json\/wp\/v2\/media?parent=1512"}],"curies":[{"name":"wp","href":"https:\/\/api.w.org\/{rel}","templated":true}]}}