{"id":1521,"date":"2023-05-24T03:37:35","date_gmt":"2023-05-24T03:37:35","guid":{"rendered":"https:\/\/buy-machine.com\/?page_id=1521"},"modified":"2023-05-31T01:13:14","modified_gmt":"2023-05-31T01:13:14","slug":"shipping-policy","status":"publish","type":"page","link":"https:\/\/buy-machine.com\/de\/shipping-policy\/","title":{"rendered":"Versandbedingungen"},"content":{"rendered":"<div data-elementor-type=\"wp-page\" data-elementor-id=\"1521\" class=\"elementor elementor-1521\" data-elementor-post-type=\"page\">\n\t\t\t\t\t\t<section class=\"elementor-section elementor-top-section elementor-element elementor-element-31d10684 elementor-section-boxed elementor-section-height-default elementor-section-height-default\" data-id=\"31d10684\" data-element_type=\"section\" data-e-type=\"section\" data-settings=\"{&quot;background_background&quot;:&quot;classic&quot;}\">\n\t\t\t\t\t\t\t<div class=\"elementor-background-overlay\"><\/div>\n\t\t\t\t\t\t\t<div class=\"elementor-container elementor-column-gap-default\">\n\t\t\t\t\t<div class=\"elementor-column elementor-col-100 elementor-top-column elementor-element elementor-element-3614e10c\" data-id=\"3614e10c\" data-element_type=\"column\" data-e-type=\"column\">\n\t\t\t<div class=\"elementor-widget-wrap elementor-element-populated\">\n\t\t\t\t\t\t<div class=\"elementor-element elementor-element-217db90e elementor-widget__width-auto elementor-invisible elementor-widget elementor-widget-heading\" data-id=\"217db90e\" data-element_type=\"widget\" data-e-type=\"widget\" data-settings=\"{&quot;_animation&quot;:&quot;fadeInLeft&quot;}\" data-widget_type=\"heading.default\">\n\t\t\t\t<div class=\"elementor-widget-container\">\n\t\t\t\t\t<h2 class=\"elementor-heading-title elementor-size-default\">Datenschutz-Bestimmungen<\/h2>\t\t\t\t<\/div>\n\t\t\t\t<\/div>\n\t\t\t\t<div class=\"elementor-element elementor-element-4223adbf elementor-widget elementor-widget-woocommerce-breadcrumb\" data-id=\"4223adbf\" data-element_type=\"widget\" data-e-type=\"widget\" data-widget_type=\"woocommerce-breadcrumb.default\">\n\t\t\t\t<div class=\"elementor-widget-container\">\n\t\t\t\t\t<nav class=\"woocommerce-breadcrumb\" aria-label=\"Breadcrumb\" data-no-translation=\"\" data-trp-gettext=\"\">Startseite<\/nav>\t\t\t\t<\/div>\n\t\t\t\t<\/div>\n\t\t\t\t\t<\/div>\n\t\t<\/div>\n\t\t\t\t\t<\/div>\n\t\t<\/section>\n\t\t\t\t<section class=\"elementor-section elementor-top-section elementor-element elementor-element-8e8c9ea elementor-section-boxed elementor-section-height-default elementor-section-height-default\" data-id=\"8e8c9ea\" data-element_type=\"section\" data-e-type=\"section\">\n\t\t\t\t\t\t<div class=\"elementor-container elementor-column-gap-default\">\n\t\t\t\t\t<div class=\"elementor-column elementor-col-100 elementor-top-column elementor-element elementor-element-9b09118\" data-id=\"9b09118\" data-element_type=\"column\" data-e-type=\"column\">\n\t\t\t<div class=\"elementor-widget-wrap elementor-element-populated\">\n\t\t\t\t\t\t<div class=\"elementor-element elementor-element-4fe3d92 elementor-widget elementor-widget-text-editor\" data-id=\"4fe3d92\" data-element_type=\"widget\" data-e-type=\"widget\" data-widget_type=\"text-editor.default\">\n\t\t\t\t<div class=\"elementor-widget-container\">\n\t\t\t\t\t\t\t\t\t<p>Bei Shandong buy machine equipment co., ltd. bem\u00fchen wir uns um eine p\u00fcnktliche und effiziente Lieferung unserer Produkte an unsere Kunden. Wir versenden unsere Produkte an Kunden sowohl im Inland als auch international.<br \/><strong>Inl\u00e4ndischer Versand:<\/strong><br \/>Wir versenden unsere Produkte innerhalb des chinesischen Festlandes mit verschiedenen Versandunternehmen, je nach Produkt und Standort des Kunden.<br \/>Die Geb\u00fchren f\u00fcr den Inlandsversand k\u00f6nnen je nach Gewicht und Gr\u00f6\u00dfe des Produkts sowie dem Versandziel variieren.<br \/>Die gesch\u00e4tzte Lieferzeit f\u00fcr Inlandssendungen betr\u00e4gt in der Regel 3-7 Werktage, je nach Versandunternehmen und Bestimmungsort.<br \/><strong>Internationaler Versand:<\/strong><br \/>Wir versenden unsere Produkte an internationale Kunden \u00fcber verschiedene Versandunternehmen, je nach Produkt und Standort des Kunden.<br \/>Die Geb\u00fchren f\u00fcr den internationalen Versand k\u00f6nnen je nach Gewicht und Gr\u00f6\u00dfe des Produkts sowie dem Versandziel variieren.<br \/>Die gesch\u00e4tzte Lieferzeit f\u00fcr internationale Sendungen variiert je nach Versandunternehmen und Zielort. Die Lieferzeiten k\u00f6nnen durch den Zoll und andere Faktoren, die au\u00dferhalb unserer Kontrolle liegen, beeinflusst werden.<br \/>Bitte beachten Sie, dass wir nicht f\u00fcr Z\u00f6lle, Steuern oder Geb\u00fchren verantwortlich sind, die vom Zielland erhoben werden k\u00f6nnen. Der Kunde ist f\u00fcr solche Geb\u00fchren verantwortlich.<br \/>Wenn Sie Fragen oder Bedenken bez\u00fcglich des Versands haben, z\u00f6gern Sie bitte nicht, uns unter leo-yue@qilumachinery.com zu kontaktieren.<\/p>\t\t\t\t\t\t\t\t<\/div>\n\t\t\t\t<\/div>\n\t\t\t\t\t<\/div>\n\t\t<\/div>\n\t\t\t\t\t<\/div>\n\t\t<\/section>\n\t\t\t\t<\/div>","protected":false},"excerpt":{"rendered":"<p>Privacy Policy At Shandong buy machine equipment co., ltd, we strive to provide timely and efficient delivery of our products to our customers. We ship our products to customers both domestically and internationally.Domestic Shipping:We ship our products within mainland China via various shipping carriers, depending on the product and the location of the customer.Domestic shipping [&hellip;]<\/p>\n","protected":false},"author":1,"featured_media":0,"parent":0,"menu_order":0,"comment_status":"closed","ping_status":"closed","template":"elementor_header_footer","meta":{"footnotes":""},"class_list":["post-1521","page","type-page","status-publish","hentry"],"blocksy_meta":{"styles_descriptor":{"styles":{"desktop":"","tablet":"","mobile":""},"google_fonts":[],"version":6}},"_links":{"self":[{"href":"https:\/\/buy-machine.com\/de\/wp-json\/wp\/v2\/pages\/1521","targetHints":{"allow":["GET"]}}],"collection":[{"href":"https:\/\/buy-machine.com\/de\/wp-json\/wp\/v2\/pages"}],"about":[{"href":"https:\/\/buy-machine.com\/de\/wp-json\/wp\/v2\/types\/page"}],"author":[{"embeddable":true,"href":"https:\/\/buy-machine.com\/de\/wp-json\/wp\/v2\/users\/1"}],"replies":[{"embeddable":true,"href":"https:\/\/buy-machine.com\/de\/wp-json\/wp\/v2\/comments?post=1521"}],"version-history":[{"count":0,"href":"https:\/\/buy-machine.com\/de\/wp-json\/wp\/v2\/pages\/1521\/revisions"}],"wp:attachment":[{"href":"https:\/\/buy-machine.com\/de\/wp-json\/wp\/v2\/media?parent=1521"}],"curies":[{"name":"wp","href":"https:\/\/api.w.org\/{rel}","templated":true}]}}