{"id":1502,"date":"2023-05-24T02:34:49","date_gmt":"2023-05-24T02:34:49","guid":{"rendered":"https:\/\/buy-machine.com\/?page_id=1502"},"modified":"2023-05-24T03:44:16","modified_gmt":"2023-05-24T03:44:16","slug":"privacy-policy","status":"publish","type":"page","link":"https:\/\/buy-machine.com\/es_es\/privacy-policy\/","title":{"rendered":"pol\u00edtica de privacidad"},"content":{"rendered":"<div data-elementor-type=\"wp-page\" data-elementor-id=\"1502\" class=\"elementor elementor-1502\" data-elementor-post-type=\"page\">\n\t\t\t\t\t\t<section class=\"elementor-section elementor-top-section elementor-element elementor-element-610fb6e elementor-section-boxed elementor-section-height-default elementor-section-height-default\" data-id=\"610fb6e\" data-element_type=\"section\" data-e-type=\"section\" data-settings=\"{&quot;background_background&quot;:&quot;classic&quot;}\">\n\t\t\t\t\t\t\t<div class=\"elementor-background-overlay\"><\/div>\n\t\t\t\t\t\t\t<div class=\"elementor-container elementor-column-gap-default\">\n\t\t\t\t\t<div class=\"elementor-column elementor-col-100 elementor-top-column elementor-element elementor-element-ff0588b\" data-id=\"ff0588b\" data-element_type=\"column\" data-e-type=\"column\">\n\t\t\t<div class=\"elementor-widget-wrap elementor-element-populated\">\n\t\t\t\t\t\t<div class=\"elementor-element elementor-element-df83f48 elementor-widget__width-auto elementor-invisible elementor-widget elementor-widget-heading\" data-id=\"df83f48\" data-element_type=\"widget\" data-e-type=\"widget\" data-settings=\"{&quot;_animation&quot;:&quot;fadeInLeft&quot;}\" data-widget_type=\"heading.default\">\n\t\t\t\t<div class=\"elementor-widget-container\">\n\t\t\t\t\t<h2 class=\"elementor-heading-title elementor-size-default\">pol\u00edtica de privacidad<\/h2>\t\t\t\t<\/div>\n\t\t\t\t<\/div>\n\t\t\t\t<div class=\"elementor-element elementor-element-f0cd3ff elementor-widget elementor-widget-woocommerce-breadcrumb\" data-id=\"f0cd3ff\" data-element_type=\"widget\" data-e-type=\"widget\" data-widget_type=\"woocommerce-breadcrumb.default\">\n\t\t\t\t<div class=\"elementor-widget-container\">\n\t\t\t\t\t<nav class=\"woocommerce-breadcrumb\" aria-label=\"Breadcrumb\" data-no-translation=\"\" data-trp-gettext=\"\">Hogar<\/nav>\t\t\t\t<\/div>\n\t\t\t\t<\/div>\n\t\t\t\t\t<\/div>\n\t\t<\/div>\n\t\t\t\t\t<\/div>\n\t\t<\/section>\n\t\t\t\t<section class=\"elementor-section elementor-top-section elementor-element elementor-element-ae682d7 elementor-section-boxed elementor-section-height-default elementor-section-height-default\" data-id=\"ae682d7\" data-element_type=\"section\" data-e-type=\"section\">\n\t\t\t\t\t\t<div class=\"elementor-container elementor-column-gap-default\">\n\t\t\t\t\t<div class=\"elementor-column elementor-col-100 elementor-top-column elementor-element elementor-element-4df2a4b\" data-id=\"4df2a4b\" data-element_type=\"column\" data-e-type=\"column\">\n\t\t\t<div class=\"elementor-widget-wrap elementor-element-populated\">\n\t\t\t\t\t\t<div class=\"elementor-element elementor-element-267b997 elementor-widget elementor-widget-text-editor\" data-id=\"267b997\" data-element_type=\"widget\" data-e-type=\"widget\" data-widget_type=\"text-editor.default\">\n\t\t\t\t<div class=\"elementor-widget-container\">\n\t\t\t\t\t\t\t\t\t<p>Shandong buy machine equipment co., ltd. se compromete a proteger su privacidad y ganarse su confianza. Shandong buy machine equipment co., ltd. no vende, comercia o alquila su informaci\u00f3n personal a terceros. Esta pol\u00edtica revela las pr\u00e1cticas de privacidad para el Shandong buy machine equipment co., ltd. ltd. Utilizamos la informaci\u00f3n que obtenemos de Usted en el Sitio Web Shandong buy machine equipment co., ltd. para procesar pedidos y mantener una relaci\u00f3n con usted durante el uso de nuestros productos y servicios. Esta pol\u00edtica explica c\u00f3mo se protege su informaci\u00f3n personal. Es nuestra intenci\u00f3n darle tanto control como sea posible sobre su privacidad y la informaci\u00f3n personal y el uso que hacemos de ella en nuestro negocio. Esta pol\u00edtica est\u00e1 sujeta a cambios, as\u00ed que por favor revise de vez en cuando para sc.<\/p>\t\t\t\t\t\t\t\t<\/div>\n\t\t\t\t<\/div>\n\t\t\t\t<div class=\"elementor-element elementor-element-ea6be08 elementor-widget elementor-widget-heading\" data-id=\"ea6be08\" data-element_type=\"widget\" data-e-type=\"widget\" data-widget_type=\"heading.default\">\n\t\t\t\t<div class=\"elementor-widget-container\">\n\t\t\t\t\t<h5 class=\"elementor-heading-title elementor-size-default\">\u00bfC\u00f3mo utiliza Shandong buy machine equipment co., ltd. mi informaci\u00f3n?<\/h5>\t\t\t\t<\/div>\n\t\t\t\t<\/div>\n\t\t\t\t<div class=\"elementor-element elementor-element-085eb28 elementor-widget elementor-widget-text-editor\" data-id=\"085eb28\" data-element_type=\"widget\" data-e-type=\"widget\" data-widget_type=\"text-editor.default\">\n\t\t\t\t<div class=\"elementor-widget-container\">\n\t\t\t\t\t\t\t\t\t<p>Recopilamos informaci\u00f3n personal para ayudarnos a proporcionar una experiencia de usuario de alta calidad, y para ayudar a Shandong buy machine equipment co., ltd. a entender mejor a nuestros clientes. Shandong buy machine equipment co., ltd. no vende, intercambia ni alquila su informaci\u00f3n personal a terceros. La informaci\u00f3n personal que usted decide darnos permite a Shandong buy machine equipment co., ltd. procesar y satisfacer su solicitud de una prueba gratuita del Centro de Formaci\u00f3n de Shandong buy machine equipment co., ltd. Centro de formaci\u00f3n. Tambi\u00e9n utilizamos esa informaci\u00f3n si decide pedir nuestros productos y servicios para procesar y completar su pedido y notificarle el estado del mismo.<\/p><ul><li>Utilizamos la informaci\u00f3n personal que nos facilita para proporcionarle informaci\u00f3n actualizada sobre los productos y servicios de Shandong buy machine equipment co., ltd.<\/li><li>Podemos utilizar la informaci\u00f3n que recopilamos para notificarle de vez en cuando cambios importantes en la funcionalidad del sitio web, nuevos servicios y productos de Shandong buy machine equipment co., ltd.y ofertas especiales que creemos que le resultar\u00e1n valiosas.<\/li><li>Cuando nos proporciona informaci\u00f3n personal para participar en un concurso o promoci\u00f3n patrocinado por Shandong buy machine equipment co., ltd.o sus socios, utilizamos esta informaci\u00f3n para administrar el concurso y notificar a los ganadores. Almacenamos toda la informaci\u00f3n relacionada con dichos concursos y promociones.<\/li><li>Enviaremos anuncios o promociones a nuestros clientes utilizando la informaci\u00f3n personal que nos facilite. No permitimos que los anunciantes tengan acceso a la informaci\u00f3n de cuentas individuales. Estos anuncios suelen ser banners y correos electr\u00f3nicos promocionales.<\/li><li>Tambi\u00e9n investigamos los datos demogr\u00e1ficos, los intereses y el comportamiento de nuestros usuarios a partir de la informaci\u00f3n que nos facilitan en nuestra herramienta de encuestas en l\u00ednea. Recopilamos y analizamos esta informaci\u00f3n de forma agregada o an\u00f3nima.<\/li><li>Utilizamos las direcciones IP que recopilamos para proporcionar informaci\u00f3n agregada o an\u00f3nima a nuestros anunciantes.<\/li><\/ul>\t\t\t\t\t\t\t\t<\/div>\n\t\t\t\t<\/div>\n\t\t\t\t<div class=\"elementor-element elementor-element-89b4e86 elementor-widget elementor-widget-heading\" data-id=\"89b4e86\" data-element_type=\"widget\" data-e-type=\"widget\" data-widget_type=\"heading.default\">\n\t\t\t\t<div class=\"elementor-widget-container\">\n\t\t\t\t\t<h5 class=\"elementor-heading-title elementor-size-default\">\u00bfQui\u00e9n recopila la informaci\u00f3n?<\/h5>\t\t\t\t<\/div>\n\t\t\t\t<\/div>\n\t\t\t\t<div class=\"elementor-element elementor-element-2579cec elementor-widget elementor-widget-text-editor\" data-id=\"2579cec\" data-element_type=\"widget\" data-e-type=\"widget\" data-widget_type=\"text-editor.default\">\n\t\t\t\t<div class=\"elementor-widget-container\">\n\t\t\t\t\t\t\t\t\t<p>Cuando usted suministra informaci\u00f3n personal en un sitio de Shandong buy machine equipment co., ltd., s\u00f3lo comparte esa informaci\u00f3n con Shandong buy machine equipment co., ltd. a menos que se le indique espec\u00edficamente lo contrario. Si una empresa distinta de Shandong buy machine equipment co., ltd. est\u00e1 recopilando o manteniendo sus datos personales desde nuestro sitio web, se le informar\u00e1 antes de que se recopilen o transfieran. Siempre puede optar por no compartir la informaci\u00f3n. Cuando empresas distintas de Shandong buy machine equipment co., ltd. patrocinan promociones, los datos recogidos en el sitio de Shandong buy machine equipment co., ltd. en relaci\u00f3n con estas promociones pueden ser compartidos con el patrocinador. Una vez m\u00e1s, si este es el caso, se le notificar\u00e1 antes de que los datos sean recogidos o transferidos, y usted puede decidir no participar. La mayor\u00eda de estas promociones est\u00e1n limitadas a residentes en Estados Unidos o Norteam\u00e9rica. Si abandona nuestro sitio web utilizando enlaces para ir a sitios web de terceros, esos terceros pueden recopilar informaci\u00f3n sobre usted. Esta pol\u00edtica de privacidad no cubre las pr\u00e1cticas de esas empresas.<\/p>\t\t\t\t\t\t\t\t<\/div>\n\t\t\t\t<\/div>\n\t\t\t\t<div class=\"elementor-element elementor-element-4ab54b5 elementor-widget elementor-widget-heading\" data-id=\"4ab54b5\" data-element_type=\"widget\" data-e-type=\"widget\" data-widget_type=\"heading.default\">\n\t\t\t\t<div class=\"elementor-widget-container\">\n\t\t\t\t\t<h5 class=\"elementor-heading-title elementor-size-default\">\u00bfComparte Shandong buy machine equipment co., ltd. mi informaci\u00f3n?<\/h5>\t\t\t\t<\/div>\n\t\t\t\t<\/div>\n\t\t\t\t<div class=\"elementor-element elementor-element-61845a0 elementor-widget elementor-widget-text-editor\" data-id=\"61845a0\" data-element_type=\"widget\" data-e-type=\"widget\" data-widget_type=\"text-editor.default\">\n\t\t\t\t<div class=\"elementor-widget-container\">\n\t\t\t\t\t\t\t\t\t<p>Aparte de lo indicado en esta pol\u00edtica, Shandong buy machine equipment co., ltd. no revela ninguna informaci\u00f3n personal suya a terceros sin su permiso. Lea las siguientes secciones para obtener m\u00e1s informaci\u00f3n.<\/p>\t\t\t\t\t\t\t\t<\/div>\n\t\t\t\t<\/div>\n\t\t\t\t<div class=\"elementor-element elementor-element-4fd808e elementor-widget elementor-widget-heading\" data-id=\"4fd808e\" data-element_type=\"widget\" data-e-type=\"widget\" data-widget_type=\"heading.default\">\n\t\t\t\t<div class=\"elementor-widget-container\">\n\t\t\t\t\t<h5 class=\"elementor-heading-title elementor-size-default\">Otras situaciones<\/h5>\t\t\t\t<\/div>\n\t\t\t\t<\/div>\n\t\t\t\t<div class=\"elementor-element elementor-element-5c6a3b9 elementor-widget elementor-widget-text-editor\" data-id=\"5c6a3b9\" data-element_type=\"widget\" data-e-type=\"widget\" data-widget_type=\"text-editor.default\">\n\t\t\t\t<div class=\"elementor-widget-container\">\n\t\t\t\t\t\t\t\t\t<p>Shandong buy machine equipment co., ltd. tambi\u00e9n puede revelar su informaci\u00f3n cuando la divulgaci\u00f3n sea necesaria para identificar, contactar o emprender acciones legales contra alguien que pueda estar causando da\u00f1os o interfiriendo con nuestros derechos o derechos de propiedad, los derechos de los usuarios o los derechos de otros. Del mismo modo, Shandong buy machine equipment co., ltd. revelar\u00e1 informaci\u00f3n cuando creamos razonablemente que la revelaci\u00f3n es requerida por la ley o para cumplir con un proceso legal servido en Shandong buy machine equipment co., ltd. o su sitio Web. Podemos revelar su informaci\u00f3n personal en la creencia de buena fe que debemos actuar bajo circunstancias extremas para proteger la seguridad personal de los usuarios de Shandong buy machine equipment co. ltd., su sitio Web, o el p\u00fablico.<\/p>\t\t\t\t\t\t\t\t<\/div>\n\t\t\t\t<\/div>\n\t\t\t\t<div class=\"elementor-element elementor-element-2cffed7 elementor-widget elementor-widget-heading\" data-id=\"2cffed7\" data-element_type=\"widget\" data-e-type=\"widget\" data-widget_type=\"heading.default\">\n\t\t\t\t<div class=\"elementor-widget-container\">\n\t\t\t\t\t<h5 class=\"elementor-heading-title elementor-size-default\">\u00bfC\u00f3mo protege Shandong buy machine equipment co., ltd. la informaci\u00f3n financiera y de su tarjeta de cr\u00e9dito?<\/h5>\t\t\t\t<\/div>\n\t\t\t\t<\/div>\n\t\t\t\t<div class=\"elementor-element elementor-element-3cb68d9 elementor-widget elementor-widget-text-editor\" data-id=\"3cb68d9\" data-element_type=\"widget\" data-e-type=\"widget\" data-widget_type=\"text-editor.default\">\n\t\t\t\t<div class=\"elementor-widget-container\">\n\t\t\t\t\t\t\t\t\t<p>Nos comprometemos a proteger la privacidad de los datos de su tarjeta de cr\u00e9dito y de su cuenta financiera. No vendemos, intercambiamos ni alquilamos la informaci\u00f3n financiera o de su tarjeta de cr\u00e9dito. No ponemos esta informaci\u00f3n a disposici\u00f3n de nadie sin su permiso. Podemos proporcionar datos estad\u00edsticos sobre nuestros clientes a anunciantes, socios, proveedores y otros terceros de confianza. Estos datos se componen \u00fanicamente de datos agregados o an\u00f3nimos, que no contienen ninguna informaci\u00f3n personal identificable. Por ejemplo, no revelaremos que usted ha comprado un producto espec\u00edfico, pero podr\u00edamos revelar estad\u00edsticas sobre cu\u00e1ntos clientes han comprado un producto espec\u00edfico. Cuando usted introduce datos de su tarjeta de cr\u00e9dito en nuestro sitio web, transmitimos la informaci\u00f3n en formato cifrado, utilizando el est\u00e1ndar industrial de cifrado de capa de conexi\u00f3n segura (SSL).<\/p>\t\t\t\t\t\t\t\t<\/div>\n\t\t\t\t<\/div>\n\t\t\t\t<div class=\"elementor-element elementor-element-0d56093 elementor-widget elementor-widget-heading\" data-id=\"0d56093\" data-element_type=\"widget\" data-e-type=\"widget\" data-widget_type=\"heading.default\">\n\t\t\t\t<div class=\"elementor-widget-container\">\n\t\t\t\t\t<h5 class=\"elementor-heading-title elementor-size-default\">Sus derechos en relaci\u00f3n con sus datos personales<\/h5>\t\t\t\t<\/div>\n\t\t\t\t<\/div>\n\t\t\t\t<div class=\"elementor-element elementor-element-aa04cfe elementor-widget elementor-widget-text-editor\" data-id=\"aa04cfe\" data-element_type=\"widget\" data-e-type=\"widget\" data-widget_type=\"text-editor.default\">\n\t\t\t\t<div class=\"elementor-widget-container\">\n\t\t\t\t\t\t\t\t\t<p>Usted tiene derecho, en virtud de la presente Pol\u00edtica de Privacidad y Cookies, y por ley si se encuentra dentro de la UE, a:<\/p><ul><li><b><\/b><strong><b>Solicitar acceso a sus Datos Personales.\u00a0<\/b><\/strong>Si se encuentra dentro de la UE, esto le permite recibir una copia de los Datos Personales que tenemos sobre usted y comprobar que los estamos procesando legalmente.<\/li><li><b><\/b><strong><b>Solicitar la correcci\u00f3n de los Datos Personales que tenemos sobre usted.\u00a0<\/b><\/strong>Esto le permite corregir cualquier informaci\u00f3n incompleta o inexacta que tengamos sobre usted.<\/li><li><b><\/b><strong><b>Solicitar la supresi\u00f3n de sus Datos Personales.\u00a0<\/b><\/strong>Esto le permite pedirnos que suprimamos o eliminemos sus Datos Personales cuando no haya una buena raz\u00f3n para que sigamos trat\u00e1ndolos. Si se encuentra en la UE, tambi\u00e9n tiene derecho a pedirnos que borremos o eliminemos sus Datos Personales cuando haya ejercido su derecho a oponerse al tratamiento (v\u00e9ase m\u00e1s abajo).<\/li><li><b><\/b><strong><b>Oponerse al tratamiento de sus Datos Personales.\u00a0<\/b><\/strong>Este derecho existe cuando nos basamos en un inter\u00e9s leg\u00edtimo como base jur\u00eddica para nuestro tratamiento y hay algo en su situaci\u00f3n particular que le lleva a oponerse al tratamiento de sus Datos Personales por este motivo. Tambi\u00e9n tiene derecho a oponerse cuando tratemos sus Datos Personales con fines de marketing directo.<\/li><li><b><\/b><strong><b>Solicitar la restricci\u00f3n del tratamiento de sus Datos Personales.\u00a0<\/b><\/strong>Esto le permite pedirnos que suspendamos el tratamiento de sus Datos Personales, por ejemplo si desea que establezcamos su exactitud o el motivo de su tratamiento.<\/li><li><b><\/b><strong><b>Solicitar la transferencia de sus Datos Personales.\u00a0<\/b><\/strong>Si se encuentra dentro de la UE, le proporcionaremos a usted, o a un tercero que usted haya elegido, sus Datos Personales en un formato estructurado, de uso com\u00fan y lectura mec\u00e1nica. Tenga en cuenta que este derecho solo se aplica a la informaci\u00f3n automatizada cuyo uso nos haya autorizado inicialmente o cuando hayamos utilizado la informaci\u00f3n para ejecutar un contrato con usted.<\/li><li><b><\/b><strong><b>Retirar el consentimiento.\u00a0<\/b><\/strong>Este derecho s\u00f3lo existe cuando nos basamos en el consentimiento para tratar sus Datos Personales (\"Retirada del consentimiento\"). Si retira su consentimiento, es posible que no podamos proporcionarle acceso a determinadas funcionalidades espec\u00edficas de nuestro Sitio. Le informaremos de ello en el momento en que retire su consentimiento.<\/li><\/ul>\t\t\t\t\t\t\t\t<\/div>\n\t\t\t\t<\/div>\n\t\t\t\t<div class=\"elementor-element elementor-element-4643928 elementor-widget elementor-widget-heading\" data-id=\"4643928\" data-element_type=\"widget\" data-e-type=\"widget\" data-widget_type=\"heading.default\">\n\t\t\t\t<div class=\"elementor-widget-container\">\n\t\t\t\t\t<h5 class=\"elementor-heading-title elementor-size-default\">Quejas<\/h5>\t\t\t\t<\/div>\n\t\t\t\t<\/div>\n\t\t\t\t<div class=\"elementor-element elementor-element-d4c37d3 elementor-widget elementor-widget-text-editor\" data-id=\"d4c37d3\" data-element_type=\"widget\" data-e-type=\"widget\" data-widget_type=\"text-editor.default\">\n\t\t\t\t<div class=\"elementor-widget-container\">\n\t\t\t\t\t\t\t\t\t<p>Si desea presentar una reclamaci\u00f3n sobre esta Pol\u00edtica de Privacidad o sobre nuestras pr\u00e1cticas en relaci\u00f3n con sus Datos Personales, p\u00f3ngase en contacto con nosotros en: marc.wins@skilldynamics.com<\/p><p>Responderemos a su queja lo antes posible.<\/p><p>Si considera que su reclamaci\u00f3n no se ha resuelto adecuadamente, tenga en cuenta que, si se encuentra en la UE, el GDPR le da derecho a ponerse en contacto con la autoridad supervisora de protecci\u00f3n de datos local.<\/p><p>Archivos de registro: La informaci\u00f3n de los archivos de registro es comunicada autom\u00e1ticamente por su navegador cada vez que accede a una p\u00e1gina web. Cuando usted utiliza los Servicios, nuestros servidores registran autom\u00e1ticamente cierta informaci\u00f3n que su navegador env\u00eda cada vez que visita cualquier p\u00e1gina web. Estos registros del servidor pueden incluir informaci\u00f3n como su solicitud web, direcci\u00f3n de protocolo de Internet, tipo de navegador, p\u00e1ginas y URL de referencia\/salida, n\u00famero de clics, nombres de dominio, p\u00e1ginas de destino, p\u00e1ginas vistas y otra informaci\u00f3n similar.<\/p>\t\t\t\t\t\t\t\t<\/div>\n\t\t\t\t<\/div>\n\t\t\t\t<div class=\"elementor-element elementor-element-294c9ff elementor-widget elementor-widget-heading\" data-id=\"294c9ff\" data-element_type=\"widget\" data-e-type=\"widget\" data-widget_type=\"heading.default\">\n\t\t\t\t<div class=\"elementor-widget-container\">\n\t\t\t\t\t<h5 class=\"elementor-heading-title elementor-size-default\">Cu\u00e1nto tiempo almacenamos sus Datos Personales<\/h5>\t\t\t\t<\/div>\n\t\t\t\t<\/div>\n\t\t\t\t<div class=\"elementor-element elementor-element-ebcec38 elementor-widget elementor-widget-text-editor\" data-id=\"ebcec38\" data-element_type=\"widget\" data-e-type=\"widget\" data-widget_type=\"text-editor.default\">\n\t\t\t\t<div class=\"elementor-widget-container\">\n\t\t\t\t\t\t\t\t\t<p>Conservaremos su informaci\u00f3n mientras su cuenta est\u00e9 activa o sea razonablemente necesaria para los fines establecidos en C\u00f3mo utilizamos sus datos personales y por qu\u00e9, a menos que solicite que eliminemos sus datos personales tal y como se describe en Sus derechos en relaci\u00f3n con sus datos personales. S\u00f3lo conservaremos sus Datos Personales durante el tiempo que sea razonablemente necesario para utilizarlos con estos fines, a menos que la ley exija un per\u00edodo de conservaci\u00f3n m\u00e1s largo (por ejemplo, con fines reglamentarios). Esto puede incluir la conservaci\u00f3n de sus Datos Personales despu\u00e9s de que haya desactivado su cuenta durante el per\u00edodo de tiempo necesario para que podamos perseguir intereses comerciales leg\u00edtimos, realizar auditor\u00edas, cumplir (y demostrar el cumplimiento de) obligaciones legales, resolver disputas y hacer cumplir nuestros acuerdos.<\/p>\t\t\t\t\t\t\t\t<\/div>\n\t\t\t\t<\/div>\n\t\t\t\t<div class=\"elementor-element elementor-element-4512812 elementor-widget elementor-widget-heading\" data-id=\"4512812\" data-element_type=\"widget\" data-e-type=\"widget\" data-widget_type=\"heading.default\">\n\t\t\t\t<div class=\"elementor-widget-container\">\n\t\t\t\t\t<h5 class=\"elementor-heading-title elementor-size-default\">\u00bfQu\u00e9 son las cookies y c\u00f3mo las utiliza Shandong buy machine equipment co., ltd.<\/h5>\t\t\t\t<\/div>\n\t\t\t\t<\/div>\n\t\t\t\t<div class=\"elementor-element elementor-element-6c0bb79 elementor-widget elementor-widget-text-editor\" data-id=\"6c0bb79\" data-element_type=\"widget\" data-e-type=\"widget\" data-widget_type=\"text-editor.default\">\n\t\t\t\t<div class=\"elementor-widget-container\">\n\t\t\t\t\t\t\t\t\t<p>Algunas partes de nuestro sistema de gesti\u00f3n del aprendizaje utilizan \"cookies\" para poder reconocer inmediatamente a un usuario y atribuirle diferentes permisos asociados a las funciones del sistema. Una \"cookie\" es un fragmento de datos que se env\u00eda a su navegador desde un servidor web y que \u00e9ste almacena en el disco duro de su ordenador. La configuraci\u00f3n de su navegador debe estar configurada para aceptar cookies antes de que pueda iniciar sesi\u00f3n o personalizar. La mayor\u00eda de los navegadores est\u00e1n configurados para aceptar cookies, pero normalmente puede cambiar la configuraci\u00f3n de su navegador para rechazarlas. Shandong buy machine equipment co., ltd. no utiliza cookies para recuperar informaci\u00f3n personal sobre usted de su ordenador. Esta pol\u00edtica no cubre el uso de cookies por parte de ning\u00fan anunciante en nuestro sitio web. Shandong buy machine equipment co., ltd. utiliza cookies para: Localizar su nombre e informaci\u00f3n de cuenta cuando inicia sesi\u00f3n en su Shandong buy machine equipment co., ltd. para que pueda acceder a la informaci\u00f3n de su cuenta. Cuando inicia sesi\u00f3n, se establece la cookie, y cuando cierra sesi\u00f3n, se modifica la cookie. Estimar el tama\u00f1o de nuestra audiencia. Cada navegador que accede a Shandong buy machine equipment co., ltd. recibe una cookie \u00fanica, que se utiliza para calcular cu\u00e1ntas personas vuelven a nuestro sitio web, comparar el n\u00famero de visitantes registrados y no registrados en nuestro sitio y utilizar los intereses y el comportamiento de los clientes para orientar nuestros anuncios. Ayudar a los socios de Shandong buy machine equipment co., ltd. a realizar un seguimiento de las visitas y completar las transacciones comerciales. Esta informaci\u00f3n se denomina a veces \"clickstream\" o \"click trail\". Rastrear la forma en que utiliza nuestras promociones, concursos y ventas. Cuando una promoci\u00f3n alojada en Shandong buy machine equipment co., ltd. utiliza cookies, la informaci\u00f3n escrita en la cookie realiza un seguimiento del progreso del usuario a trav\u00e9s de la promoci\u00f3n (por ejemplo, entradas, env\u00edos y estado en los sorteos de premios). Medir el tr\u00e1fico a diversas \u00e1reas del sitio web de Shandong buy machine equipment co., ltd. sitio web. Medimos las \u00e1reas de la red de sitios web que visita y sus patrones de visita en conjunto. Esta investigaci\u00f3n nos ayuda a comprender en qu\u00e9 se parecen y en qu\u00e9 se diferencian nuestros clientes. Podemos utilizar esta informaci\u00f3n para personalizar la informaci\u00f3n y el dise\u00f1o de nuestro sitio web.<\/p>\t\t\t\t\t\t\t\t<\/div>\n\t\t\t\t<\/div>\n\t\t\t\t\t<\/div>\n\t\t<\/div>\n\t\t\t\t\t<\/div>\n\t\t<\/section>\n\t\t\t\t<\/div>","protected":false},"excerpt":{"rendered":"<p>Privacy Policy Shandong buy machine equipment co., ltd. is committed to protecting your privacy and earning your trust. Shandong buy machine equipment co., ltd. does not sell, trade, or rent your personal information to others. This policy discloses the privacy practices for the Shandong buy machine equipment co., ltd. Web site. We use the information [&hellip;]<\/p>\n","protected":false},"author":1,"featured_media":0,"parent":0,"menu_order":0,"comment_status":"closed","ping_status":"closed","template":"elementor_header_footer","meta":{"footnotes":""},"class_list":["post-1502","page","type-page","status-publish","hentry"],"blocksy_meta":{"styles_descriptor":{"styles":{"desktop":"","tablet":"","mobile":""},"google_fonts":[],"version":6}},"_links":{"self":[{"href":"https:\/\/buy-machine.com\/es_es\/wp-json\/wp\/v2\/pages\/1502","targetHints":{"allow":["GET"]}}],"collection":[{"href":"https:\/\/buy-machine.com\/es_es\/wp-json\/wp\/v2\/pages"}],"about":[{"href":"https:\/\/buy-machine.com\/es_es\/wp-json\/wp\/v2\/types\/page"}],"author":[{"embeddable":true,"href":"https:\/\/buy-machine.com\/es_es\/wp-json\/wp\/v2\/users\/1"}],"replies":[{"embeddable":true,"href":"https:\/\/buy-machine.com\/es_es\/wp-json\/wp\/v2\/comments?post=1502"}],"version-history":[{"count":0,"href":"https:\/\/buy-machine.com\/es_es\/wp-json\/wp\/v2\/pages\/1502\/revisions"}],"wp:attachment":[{"href":"https:\/\/buy-machine.com\/es_es\/wp-json\/wp\/v2\/media?parent=1502"}],"curies":[{"name":"wp","href":"https:\/\/api.w.org\/{rel}","templated":true}]}}