{"id":1512,"date":"2023-05-24T03:12:20","date_gmt":"2023-05-24T03:12:20","guid":{"rendered":"https:\/\/buy-machine.com\/?page_id=1512"},"modified":"2023-05-31T01:14:19","modified_gmt":"2023-05-31T01:14:19","slug":"refund-policy","status":"publish","type":"page","link":"https:\/\/buy-machine.com\/es_es\/refund-policy\/","title":{"rendered":"Pol\u00edtica de devoluciones"},"content":{"rendered":"<div data-elementor-type=\"wp-page\" data-elementor-id=\"1512\" class=\"elementor elementor-1512\" data-elementor-post-type=\"page\">\n\t\t\t\t\t\t<section class=\"elementor-section elementor-top-section elementor-element elementor-element-1b3d6fec elementor-section-boxed elementor-section-height-default elementor-section-height-default\" data-id=\"1b3d6fec\" data-element_type=\"section\" data-e-type=\"section\" data-settings=\"{&quot;background_background&quot;:&quot;classic&quot;}\">\n\t\t\t\t\t\t\t<div class=\"elementor-background-overlay\"><\/div>\n\t\t\t\t\t\t\t<div class=\"elementor-container elementor-column-gap-default\">\n\t\t\t\t\t<div class=\"elementor-column elementor-col-100 elementor-top-column elementor-element elementor-element-fb2911a\" data-id=\"fb2911a\" data-element_type=\"column\" data-e-type=\"column\">\n\t\t\t<div class=\"elementor-widget-wrap elementor-element-populated\">\n\t\t\t\t\t\t<div class=\"elementor-element elementor-element-77fdc9e8 elementor-widget__width-auto elementor-invisible elementor-widget elementor-widget-heading\" data-id=\"77fdc9e8\" data-element_type=\"widget\" data-e-type=\"widget\" data-settings=\"{&quot;_animation&quot;:&quot;fadeInLeft&quot;}\" data-widget_type=\"heading.default\">\n\t\t\t\t<div class=\"elementor-widget-container\">\n\t\t\t\t\t<h2 class=\"elementor-heading-title elementor-size-default\">  <\/h2>\t\t\t\t<\/div>\n\t\t\t\t<\/div>\n\t\t\t\t<div class=\"elementor-element elementor-element-2fce5fd elementor-widget__width-auto elementor-invisible elementor-widget elementor-widget-heading\" data-id=\"2fce5fd\" data-element_type=\"widget\" data-e-type=\"widget\" data-settings=\"{&quot;_animation&quot;:&quot;fadeInLeft&quot;}\" data-widget_type=\"heading.default\">\n\t\t\t\t<div class=\"elementor-widget-container\">\n\t\t\t\t\t<h2 class=\"elementor-heading-title elementor-size-default\">Pol\u00edtica de devoluciones<\/h2>\t\t\t\t<\/div>\n\t\t\t\t<\/div>\n\t\t\t\t<div class=\"elementor-element elementor-element-15428564 elementor-widget elementor-widget-woocommerce-breadcrumb\" data-id=\"15428564\" data-element_type=\"widget\" data-e-type=\"widget\" data-widget_type=\"woocommerce-breadcrumb.default\">\n\t\t\t\t<div class=\"elementor-widget-container\">\n\t\t\t\t\t<nav class=\"woocommerce-breadcrumb\" aria-label=\"Breadcrumb\" data-no-translation=\"\" data-trp-gettext=\"\">Hogar<\/nav>\t\t\t\t<\/div>\n\t\t\t\t<\/div>\n\t\t\t\t\t<\/div>\n\t\t<\/div>\n\t\t\t\t\t<\/div>\n\t\t<\/section>\n\t\t\t\t<section class=\"elementor-section elementor-top-section elementor-element elementor-element-2584e3c elementor-section-boxed elementor-section-height-default elementor-section-height-default\" data-id=\"2584e3c\" data-element_type=\"section\" data-e-type=\"section\">\n\t\t\t\t\t\t<div class=\"elementor-container elementor-column-gap-default\">\n\t\t\t\t\t<div class=\"elementor-column elementor-col-100 elementor-top-column elementor-element elementor-element-fbec52b\" data-id=\"fbec52b\" data-element_type=\"column\" data-e-type=\"column\">\n\t\t\t<div class=\"elementor-widget-wrap elementor-element-populated\">\n\t\t\t\t\t\t<div class=\"elementor-element elementor-element-514b8ca elementor-widget elementor-widget-text-editor\" data-id=\"514b8ca\" data-element_type=\"widget\" data-e-type=\"widget\" data-widget_type=\"text-editor.default\">\n\t\t\t\t<div class=\"elementor-widget-container\">\n\t\t\t\t\t\t\t\t\t<p>En Shandong comprar equipo de la m\u00e1quina co, ltd, nos esforzamos por ofrecer productos de alta calidad y excelente servicio al cliente. Entendemos que a veces un producto puede no cumplir con sus expectativas. En tal caso, ofrecemos una pol\u00edtica de reembolso que le permite devolver el producto dentro de un cierto per\u00edodo de tiempo a partir de la fecha de compra.<\/p><p>Tenga en cuenta que no podemos prometer ni garantizar el resultado de ninguno de los productos que ofrecemos. Nos esforzamos por ofrecer productos de alta calidad, pero el \u00e9xito de cualquier producto depende de varios factores que est\u00e1n fuera de nuestro control. Por lo tanto, no podemos ofrecer reembolsos basados en el resultado de ning\u00fan producto.<\/p><p><strong>Nuestra pol\u00edtica de reembolso es la siguiente:<\/strong><br \/>Si no est\u00e1 satisfecho con el producto, puede optar a una devoluci\u00f3n.<br \/>Para iniciar una devoluci\u00f3n, p\u00f3ngase en contacto con nosotros en leo-yue@qilumachinery.com.<br \/>El producto debe estar en su embalaje original y en estado nuevo para poder ser devuelto.<br \/>Los gastos de env\u00edo no son reembolsables.<br \/>Una vez que recibamos el producto, lo evaluaremos y determinaremos si procede la devoluci\u00f3n.<br \/>Tenga en cuenta que nos reservamos el derecho a rechazar una devoluci\u00f3n si el producto no cumple los criterios de nuestra pol\u00edtica de devoluciones.<\/p><p>Gracias por elegir Shandong buy machine equipment co, ltd como su proveedor de productos. <br \/>Si tiene alguna pregunta o duda sobre nuestra pol\u00edtica de devoluciones, no dude en ponerse en contacto con nosotros en leo-yue@qilumachinery.com.<\/p>\t\t\t\t\t\t\t\t<\/div>\n\t\t\t\t<\/div>\n\t\t\t\t\t<\/div>\n\t\t<\/div>\n\t\t\t\t\t<\/div>\n\t\t<\/section>\n\t\t\t\t<\/div>","protected":false},"excerpt":{"rendered":"<p>Refund policy At Shandong buy machine equipment co., ltd\uff0cwe strive to provide high-quality products and excellent customer service. We understand that sometimes a product may not meet your expectations. In such an event, we offer a refund policy that allows you to return the product within a certain period of time from the date of [&hellip;]<\/p>\n","protected":false},"author":1,"featured_media":0,"parent":0,"menu_order":0,"comment_status":"closed","ping_status":"closed","template":"elementor_header_footer","meta":{"footnotes":""},"class_list":["post-1512","page","type-page","status-publish","hentry"],"blocksy_meta":{"styles_descriptor":{"styles":{"desktop":"","tablet":"","mobile":""},"google_fonts":[],"version":6}},"_links":{"self":[{"href":"https:\/\/buy-machine.com\/es_es\/wp-json\/wp\/v2\/pages\/1512","targetHints":{"allow":["GET"]}}],"collection":[{"href":"https:\/\/buy-machine.com\/es_es\/wp-json\/wp\/v2\/pages"}],"about":[{"href":"https:\/\/buy-machine.com\/es_es\/wp-json\/wp\/v2\/types\/page"}],"author":[{"embeddable":true,"href":"https:\/\/buy-machine.com\/es_es\/wp-json\/wp\/v2\/users\/1"}],"replies":[{"embeddable":true,"href":"https:\/\/buy-machine.com\/es_es\/wp-json\/wp\/v2\/comments?post=1512"}],"version-history":[{"count":0,"href":"https:\/\/buy-machine.com\/es_es\/wp-json\/wp\/v2\/pages\/1512\/revisions"}],"wp:attachment":[{"href":"https:\/\/buy-machine.com\/es_es\/wp-json\/wp\/v2\/media?parent=1512"}],"curies":[{"name":"wp","href":"https:\/\/api.w.org\/{rel}","templated":true}]}}