{"id":1521,"date":"2023-05-24T03:37:35","date_gmt":"2023-05-24T03:37:35","guid":{"rendered":"https:\/\/buy-machine.com\/?page_id=1521"},"modified":"2023-05-31T01:13:14","modified_gmt":"2023-05-31T01:13:14","slug":"shipping-policy","status":"publish","type":"page","link":"https:\/\/buy-machine.com\/es_es\/shipping-policy\/","title":{"rendered":"Politica de envios"},"content":{"rendered":"<div data-elementor-type=\"wp-page\" data-elementor-id=\"1521\" class=\"elementor elementor-1521\" data-elementor-post-type=\"page\">\n\t\t\t\t\t\t<section class=\"elementor-section elementor-top-section elementor-element elementor-element-31d10684 elementor-section-boxed elementor-section-height-default elementor-section-height-default\" data-id=\"31d10684\" data-element_type=\"section\" data-e-type=\"section\" data-settings=\"{&quot;background_background&quot;:&quot;classic&quot;}\">\n\t\t\t\t\t\t\t<div class=\"elementor-background-overlay\"><\/div>\n\t\t\t\t\t\t\t<div class=\"elementor-container elementor-column-gap-default\">\n\t\t\t\t\t<div class=\"elementor-column elementor-col-100 elementor-top-column elementor-element elementor-element-3614e10c\" data-id=\"3614e10c\" data-element_type=\"column\" data-e-type=\"column\">\n\t\t\t<div class=\"elementor-widget-wrap elementor-element-populated\">\n\t\t\t\t\t\t<div class=\"elementor-element elementor-element-217db90e elementor-widget__width-auto elementor-invisible elementor-widget elementor-widget-heading\" data-id=\"217db90e\" data-element_type=\"widget\" data-e-type=\"widget\" data-settings=\"{&quot;_animation&quot;:&quot;fadeInLeft&quot;}\" data-widget_type=\"heading.default\">\n\t\t\t\t<div class=\"elementor-widget-container\">\n\t\t\t\t\t<h2 class=\"elementor-heading-title elementor-size-default\">pol\u00edtica de privacidad<\/h2>\t\t\t\t<\/div>\n\t\t\t\t<\/div>\n\t\t\t\t<div class=\"elementor-element elementor-element-4223adbf elementor-widget elementor-widget-woocommerce-breadcrumb\" data-id=\"4223adbf\" data-element_type=\"widget\" data-e-type=\"widget\" data-widget_type=\"woocommerce-breadcrumb.default\">\n\t\t\t\t<div class=\"elementor-widget-container\">\n\t\t\t\t\t<nav class=\"woocommerce-breadcrumb\" aria-label=\"Breadcrumb\" data-no-translation=\"\" data-trp-gettext=\"\">Hogar<\/nav>\t\t\t\t<\/div>\n\t\t\t\t<\/div>\n\t\t\t\t\t<\/div>\n\t\t<\/div>\n\t\t\t\t\t<\/div>\n\t\t<\/section>\n\t\t\t\t<section class=\"elementor-section elementor-top-section elementor-element elementor-element-8e8c9ea elementor-section-boxed elementor-section-height-default elementor-section-height-default\" data-id=\"8e8c9ea\" data-element_type=\"section\" data-e-type=\"section\">\n\t\t\t\t\t\t<div class=\"elementor-container elementor-column-gap-default\">\n\t\t\t\t\t<div class=\"elementor-column elementor-col-100 elementor-top-column elementor-element elementor-element-9b09118\" data-id=\"9b09118\" data-element_type=\"column\" data-e-type=\"column\">\n\t\t\t<div class=\"elementor-widget-wrap elementor-element-populated\">\n\t\t\t\t\t\t<div class=\"elementor-element elementor-element-4fe3d92 elementor-widget elementor-widget-text-editor\" data-id=\"4fe3d92\" data-element_type=\"widget\" data-e-type=\"widget\" data-widget_type=\"text-editor.default\">\n\t\t\t\t<div class=\"elementor-widget-container\">\n\t\t\t\t\t\t\t\t\t<p>En Shandong buy machine equipment co., ltd, nos esforzamos por ofrecer una entrega puntual y eficiente de nuestros productos a nuestros clientes. Enviamos nuestros productos a los clientes tanto a nivel nacional como internacional.<br \/><strong>Env\u00edo nacional:<\/strong><br \/>Enviamos nuestros productos dentro de China continental a trav\u00e9s de varios transportistas, seg\u00fan el producto y la ubicaci\u00f3n del cliente.<br \/>Los gastos de env\u00edo nacionales pueden variar en funci\u00f3n del peso y el tama\u00f1o del producto, as\u00ed como del destino del env\u00edo.<br \/>El plazo de entrega estimado para los env\u00edos nacionales suele ser de entre 3 y 7 d\u00edas laborables, en funci\u00f3n del transportista y del destino del env\u00edo.<br \/><strong>Env\u00edos internacionales:<\/strong><br \/>Enviamos nuestros productos a clientes internacionales a trav\u00e9s de distintos transportistas, seg\u00fan el producto y la ubicaci\u00f3n del cliente.<br \/>Los gastos de env\u00edo internacionales pueden variar en funci\u00f3n del peso y el tama\u00f1o del producto, as\u00ed como del destino del env\u00edo.<br \/>El plazo de entrega estimado para los env\u00edos internacionales var\u00eda en funci\u00f3n del transportista y del destino del env\u00edo. Los plazos de entrega pueden verse afectados por aduanas y otros factores fuera de nuestro control.<br \/>Tenga en cuenta que no nos hacemos responsables de los derechos de aduana, impuestos o tasas que pueda imponer el pa\u00eds de destino. El cliente es responsable de dichas tasas.<br \/>Si tiene alguna pregunta o duda sobre el env\u00edo, no dude en ponerse en contacto con nosotros en leo-yue@qilumachinery.com.<\/p>\t\t\t\t\t\t\t\t<\/div>\n\t\t\t\t<\/div>\n\t\t\t\t\t<\/div>\n\t\t<\/div>\n\t\t\t\t\t<\/div>\n\t\t<\/section>\n\t\t\t\t<\/div>","protected":false},"excerpt":{"rendered":"<p>Privacy Policy At Shandong buy machine equipment co., ltd, we strive to provide timely and efficient delivery of our products to our customers. We ship our products to customers both domestically and internationally.Domestic Shipping:We ship our products within mainland China via various shipping carriers, depending on the product and the location of the customer.Domestic shipping [&hellip;]<\/p>\n","protected":false},"author":1,"featured_media":0,"parent":0,"menu_order":0,"comment_status":"closed","ping_status":"closed","template":"elementor_header_footer","meta":{"footnotes":""},"class_list":["post-1521","page","type-page","status-publish","hentry"],"blocksy_meta":{"styles_descriptor":{"styles":{"desktop":"","tablet":"","mobile":""},"google_fonts":[],"version":6}},"_links":{"self":[{"href":"https:\/\/buy-machine.com\/es_es\/wp-json\/wp\/v2\/pages\/1521","targetHints":{"allow":["GET"]}}],"collection":[{"href":"https:\/\/buy-machine.com\/es_es\/wp-json\/wp\/v2\/pages"}],"about":[{"href":"https:\/\/buy-machine.com\/es_es\/wp-json\/wp\/v2\/types\/page"}],"author":[{"embeddable":true,"href":"https:\/\/buy-machine.com\/es_es\/wp-json\/wp\/v2\/users\/1"}],"replies":[{"embeddable":true,"href":"https:\/\/buy-machine.com\/es_es\/wp-json\/wp\/v2\/comments?post=1521"}],"version-history":[{"count":0,"href":"https:\/\/buy-machine.com\/es_es\/wp-json\/wp\/v2\/pages\/1521\/revisions"}],"wp:attachment":[{"href":"https:\/\/buy-machine.com\/es_es\/wp-json\/wp\/v2\/media?parent=1521"}],"curies":[{"name":"wp","href":"https:\/\/api.w.org\/{rel}","templated":true}]}}