{"id":1512,"date":"2023-05-24T03:12:20","date_gmt":"2023-05-24T03:12:20","guid":{"rendered":"https:\/\/buy-machine.com\/?page_id=1512"},"modified":"2023-05-31T01:14:19","modified_gmt":"2023-05-31T01:14:19","slug":"refund-policy","status":"publish","type":"page","link":"https:\/\/buy-machine.com\/fr\/refund-policy\/","title":{"rendered":"Politique de remboursement"},"content":{"rendered":"<div data-elementor-type=\"wp-page\" data-elementor-id=\"1512\" class=\"elementor elementor-1512\" data-elementor-post-type=\"page\">\n\t\t\t\t\t\t<section class=\"elementor-section elementor-top-section elementor-element elementor-element-1b3d6fec elementor-section-boxed elementor-section-height-default elementor-section-height-default\" data-id=\"1b3d6fec\" data-element_type=\"section\" data-e-type=\"section\" data-settings=\"{&quot;background_background&quot;:&quot;classic&quot;}\">\n\t\t\t\t\t\t\t<div class=\"elementor-background-overlay\"><\/div>\n\t\t\t\t\t\t\t<div class=\"elementor-container elementor-column-gap-default\">\n\t\t\t\t\t<div class=\"elementor-column elementor-col-100 elementor-top-column elementor-element elementor-element-fb2911a\" data-id=\"fb2911a\" data-element_type=\"column\" data-e-type=\"column\">\n\t\t\t<div class=\"elementor-widget-wrap elementor-element-populated\">\n\t\t\t\t\t\t<div class=\"elementor-element elementor-element-77fdc9e8 elementor-widget__width-auto elementor-invisible elementor-widget elementor-widget-heading\" data-id=\"77fdc9e8\" data-element_type=\"widget\" data-e-type=\"widget\" data-settings=\"{&quot;_animation&quot;:&quot;fadeInLeft&quot;}\" data-widget_type=\"heading.default\">\n\t\t\t\t<div class=\"elementor-widget-container\">\n\t\t\t\t\t<h2 class=\"elementor-heading-title elementor-size-default\">  <\/h2>\t\t\t\t<\/div>\n\t\t\t\t<\/div>\n\t\t\t\t<div class=\"elementor-element elementor-element-2fce5fd elementor-widget__width-auto elementor-invisible elementor-widget elementor-widget-heading\" data-id=\"2fce5fd\" data-element_type=\"widget\" data-e-type=\"widget\" data-settings=\"{&quot;_animation&quot;:&quot;fadeInLeft&quot;}\" data-widget_type=\"heading.default\">\n\t\t\t\t<div class=\"elementor-widget-container\">\n\t\t\t\t\t<h2 class=\"elementor-heading-title elementor-size-default\">Politique de remboursement<\/h2>\t\t\t\t<\/div>\n\t\t\t\t<\/div>\n\t\t\t\t<div class=\"elementor-element elementor-element-15428564 elementor-widget elementor-widget-woocommerce-breadcrumb\" data-id=\"15428564\" data-element_type=\"widget\" data-e-type=\"widget\" data-widget_type=\"woocommerce-breadcrumb.default\">\n\t\t\t\t<div class=\"elementor-widget-container\">\n\t\t\t\t\t<nav class=\"woocommerce-breadcrumb\" aria-label=\"Breadcrumb\" data-no-translation=\"\" data-trp-gettext=\"\">Accueil<\/nav>\t\t\t\t<\/div>\n\t\t\t\t<\/div>\n\t\t\t\t\t<\/div>\n\t\t<\/div>\n\t\t\t\t\t<\/div>\n\t\t<\/section>\n\t\t\t\t<section class=\"elementor-section elementor-top-section elementor-element elementor-element-2584e3c elementor-section-boxed elementor-section-height-default elementor-section-height-default\" data-id=\"2584e3c\" data-element_type=\"section\" data-e-type=\"section\">\n\t\t\t\t\t\t<div class=\"elementor-container elementor-column-gap-default\">\n\t\t\t\t\t<div class=\"elementor-column elementor-col-100 elementor-top-column elementor-element elementor-element-fbec52b\" data-id=\"fbec52b\" data-element_type=\"column\" data-e-type=\"column\">\n\t\t\t<div class=\"elementor-widget-wrap elementor-element-populated\">\n\t\t\t\t\t\t<div class=\"elementor-element elementor-element-514b8ca elementor-widget elementor-widget-text-editor\" data-id=\"514b8ca\" data-element_type=\"widget\" data-e-type=\"widget\" data-widget_type=\"text-editor.default\">\n\t\t\t\t<div class=\"elementor-widget-container\">\n\t\t\t\t\t\t\t\t\t<p>Chez Shandong buy machine equipment co., ltd\uff0cnous nous effor\u00e7ons de fournir des produits de haute qualit\u00e9 et un excellent service \u00e0 la client\u00e8le. Nous comprenons qu'il peut arriver qu'un produit ne r\u00e9ponde pas \u00e0 vos attentes. Dans ce cas, nous proposons une politique de remboursement qui vous permet de renvoyer le produit dans un certain d\u00e9lai \u00e0 compter de la date d'achat.<\/p><p>Veuillez noter que nous ne pouvons faire aucune promesse ou garantie quant au r\u00e9sultat des produits que nous proposons. Nous nous effor\u00e7ons de fournir des produits de haute qualit\u00e9, mais le succ\u00e8s d'un produit d\u00e9pend de divers facteurs qui \u00e9chappent \u00e0 notre contr\u00f4le. Par cons\u00e9quent, nous ne pouvons pas offrir de remboursement sur la base du r\u00e9sultat d'un produit.<\/p><p><strong>Notre politique de remboursement est la suivante :<\/strong><br \/>Si vous n'\u00eates pas satisfait du produit, vous pouvez b\u00e9n\u00e9ficier d'un retour.<br \/>Pour effectuer un retour, veuillez nous contacter \u00e0 l'adresse leo-yue@qilumachinery.com.<br \/>Le produit doit \u00eatre dans son emballage d'origine et \u00e0 l'\u00e9tat neuf pour pouvoir \u00eatre retourn\u00e9.<br \/>Les frais d'exp\u00e9dition et de manutention ne sont pas remboursables.<br \/>Une fois que nous aurons re\u00e7u le produit, nous l'\u00e9valuerons et d\u00e9terminerons s'il convient de le renvoyer.<br \/>Veuillez noter que nous nous r\u00e9servons le droit de refuser un retour si le produit ne r\u00e9pond pas aux crit\u00e8res de notre politique de retour.<\/p><p>Nous vous remercions d'avoir choisi Shandong buy machine equipment co. ltd comme fournisseur de produits. <br \/>Si vous avez des questions ou des pr\u00e9occupations concernant notre politique de remboursement, n'h\u00e9sitez pas \u00e0 nous contacter \u00e0 l'adresse leo-yue@qilumachinery.com.<\/p>\t\t\t\t\t\t\t\t<\/div>\n\t\t\t\t<\/div>\n\t\t\t\t\t<\/div>\n\t\t<\/div>\n\t\t\t\t\t<\/div>\n\t\t<\/section>\n\t\t\t\t<\/div>","protected":false},"excerpt":{"rendered":"<p>Refund policy At Shandong buy machine equipment co., ltd\uff0cwe strive to provide high-quality products and excellent customer service. We understand that sometimes a product may not meet your expectations. In such an event, we offer a refund policy that allows you to return the product within a certain period of time from the date of [&hellip;]<\/p>\n","protected":false},"author":1,"featured_media":0,"parent":0,"menu_order":0,"comment_status":"closed","ping_status":"closed","template":"elementor_header_footer","meta":{"footnotes":""},"class_list":["post-1512","page","type-page","status-publish","hentry"],"blocksy_meta":{"styles_descriptor":{"styles":{"desktop":"","tablet":"","mobile":""},"google_fonts":[],"version":6}},"_links":{"self":[{"href":"https:\/\/buy-machine.com\/fr\/wp-json\/wp\/v2\/pages\/1512","targetHints":{"allow":["GET"]}}],"collection":[{"href":"https:\/\/buy-machine.com\/fr\/wp-json\/wp\/v2\/pages"}],"about":[{"href":"https:\/\/buy-machine.com\/fr\/wp-json\/wp\/v2\/types\/page"}],"author":[{"embeddable":true,"href":"https:\/\/buy-machine.com\/fr\/wp-json\/wp\/v2\/users\/1"}],"replies":[{"embeddable":true,"href":"https:\/\/buy-machine.com\/fr\/wp-json\/wp\/v2\/comments?post=1512"}],"version-history":[{"count":0,"href":"https:\/\/buy-machine.com\/fr\/wp-json\/wp\/v2\/pages\/1512\/revisions"}],"wp:attachment":[{"href":"https:\/\/buy-machine.com\/fr\/wp-json\/wp\/v2\/media?parent=1512"}],"curies":[{"name":"wp","href":"https:\/\/api.w.org\/{rel}","templated":true}]}}