{"id":1521,"date":"2023-05-24T03:37:35","date_gmt":"2023-05-24T03:37:35","guid":{"rendered":"https:\/\/buy-machine.com\/?page_id=1521"},"modified":"2023-05-31T01:13:14","modified_gmt":"2023-05-31T01:13:14","slug":"shipping-policy","status":"publish","type":"page","link":"https:\/\/buy-machine.com\/fr\/shipping-policy\/","title":{"rendered":"Politique d&#039;exp\u00e9dition"},"content":{"rendered":"<div data-elementor-type=\"wp-page\" data-elementor-id=\"1521\" class=\"elementor elementor-1521\" data-elementor-post-type=\"page\">\n\t\t\t\t\t\t<section class=\"elementor-section elementor-top-section elementor-element elementor-element-31d10684 elementor-section-boxed elementor-section-height-default elementor-section-height-default\" data-id=\"31d10684\" data-element_type=\"section\" data-e-type=\"section\" data-settings=\"{&quot;background_background&quot;:&quot;classic&quot;}\">\n\t\t\t\t\t\t\t<div class=\"elementor-background-overlay\"><\/div>\n\t\t\t\t\t\t\t<div class=\"elementor-container elementor-column-gap-default\">\n\t\t\t\t\t<div class=\"elementor-column elementor-col-100 elementor-top-column elementor-element elementor-element-3614e10c\" data-id=\"3614e10c\" data-element_type=\"column\" data-e-type=\"column\">\n\t\t\t<div class=\"elementor-widget-wrap elementor-element-populated\">\n\t\t\t\t\t\t<div class=\"elementor-element elementor-element-217db90e elementor-widget__width-auto elementor-invisible elementor-widget elementor-widget-heading\" data-id=\"217db90e\" data-element_type=\"widget\" data-e-type=\"widget\" data-settings=\"{&quot;_animation&quot;:&quot;fadeInLeft&quot;}\" data-widget_type=\"heading.default\">\n\t\t\t\t<div class=\"elementor-widget-container\">\n\t\t\t\t\t<h2 class=\"elementor-heading-title elementor-size-default\">politique de confidentialit\u00e9<\/h2>\t\t\t\t<\/div>\n\t\t\t\t<\/div>\n\t\t\t\t<div class=\"elementor-element elementor-element-4223adbf elementor-widget elementor-widget-woocommerce-breadcrumb\" data-id=\"4223adbf\" data-element_type=\"widget\" data-e-type=\"widget\" data-widget_type=\"woocommerce-breadcrumb.default\">\n\t\t\t\t<div class=\"elementor-widget-container\">\n\t\t\t\t\t<nav class=\"woocommerce-breadcrumb\" aria-label=\"Breadcrumb\" data-no-translation=\"\" data-trp-gettext=\"\">Accueil<\/nav>\t\t\t\t<\/div>\n\t\t\t\t<\/div>\n\t\t\t\t\t<\/div>\n\t\t<\/div>\n\t\t\t\t\t<\/div>\n\t\t<\/section>\n\t\t\t\t<section class=\"elementor-section elementor-top-section elementor-element elementor-element-8e8c9ea elementor-section-boxed elementor-section-height-default elementor-section-height-default\" data-id=\"8e8c9ea\" data-element_type=\"section\" data-e-type=\"section\">\n\t\t\t\t\t\t<div class=\"elementor-container elementor-column-gap-default\">\n\t\t\t\t\t<div class=\"elementor-column elementor-col-100 elementor-top-column elementor-element elementor-element-9b09118\" data-id=\"9b09118\" data-element_type=\"column\" data-e-type=\"column\">\n\t\t\t<div class=\"elementor-widget-wrap elementor-element-populated\">\n\t\t\t\t\t\t<div class=\"elementor-element elementor-element-4fe3d92 elementor-widget elementor-widget-text-editor\" data-id=\"4fe3d92\" data-element_type=\"widget\" data-e-type=\"widget\" data-widget_type=\"text-editor.default\">\n\t\t\t\t<div class=\"elementor-widget-container\">\n\t\t\t\t\t\t\t\t\t<p>Chez Shandong buy machine equipment co., ltd, nous nous effor\u00e7ons de livrer nos produits \u00e0 nos clients en temps voulu et de mani\u00e8re efficace. Nous exp\u00e9dions nos produits \u00e0 nos clients \u00e0 l'\u00e9chelle nationale et internationale.<br \/><strong>Exp\u00e9dition nationale :<\/strong><br \/>Nous exp\u00e9dions nos produits en Chine continentale via diff\u00e9rents transporteurs, en fonction du produit et de la localisation du client.<br \/>Les frais d'exp\u00e9dition nationaux peuvent varier en fonction du poids et de la taille du produit, ainsi que de la destination de l'envoi.<br \/>Le d\u00e9lai de livraison estim\u00e9 pour les envois nationaux est g\u00e9n\u00e9ralement de 3 \u00e0 7 jours ouvrables, en fonction du transporteur et de la destination de l'envoi.<br \/><strong>Exp\u00e9dition internationale :<\/strong><br \/>Nous exp\u00e9dions nos produits aux clients internationaux par l'interm\u00e9diaire de diff\u00e9rents transporteurs, en fonction du produit et de la localisation du client.<br \/>Les frais d'exp\u00e9dition internationaux peuvent varier en fonction du poids et de la taille du produit, ainsi que de la destination de l'envoi.<br \/>Le d\u00e9lai de livraison estim\u00e9 pour les envois internationaux varie en fonction du transporteur et de la destination de l'envoi. Les d\u00e9lais de livraison peuvent \u00eatre affect\u00e9s par les douanes et d'autres facteurs ind\u00e9pendants de notre volont\u00e9.<br \/>Veuillez noter que nous ne sommes pas responsables des droits de douane, des taxes ou des frais qui peuvent \u00eatre impos\u00e9s par le pays de destination. Le client est responsable de ces frais.<br \/>Si vous avez des questions ou des pr\u00e9occupations concernant l'exp\u00e9dition, n'h\u00e9sitez pas \u00e0 nous contacter \u00e0 l'adresse leo-yue@qilumachinery.com.<\/p>\t\t\t\t\t\t\t\t<\/div>\n\t\t\t\t<\/div>\n\t\t\t\t\t<\/div>\n\t\t<\/div>\n\t\t\t\t\t<\/div>\n\t\t<\/section>\n\t\t\t\t<\/div>","protected":false},"excerpt":{"rendered":"<p>Privacy Policy At Shandong buy machine equipment co., ltd, we strive to provide timely and efficient delivery of our products to our customers. We ship our products to customers both domestically and internationally.Domestic Shipping:We ship our products within mainland China via various shipping carriers, depending on the product and the location of the customer.Domestic shipping [&hellip;]<\/p>\n","protected":false},"author":1,"featured_media":0,"parent":0,"menu_order":0,"comment_status":"closed","ping_status":"closed","template":"elementor_header_footer","meta":{"footnotes":""},"class_list":["post-1521","page","type-page","status-publish","hentry"],"blocksy_meta":{"styles_descriptor":{"styles":{"desktop":"","tablet":"","mobile":""},"google_fonts":[],"version":6}},"_links":{"self":[{"href":"https:\/\/buy-machine.com\/fr\/wp-json\/wp\/v2\/pages\/1521","targetHints":{"allow":["GET"]}}],"collection":[{"href":"https:\/\/buy-machine.com\/fr\/wp-json\/wp\/v2\/pages"}],"about":[{"href":"https:\/\/buy-machine.com\/fr\/wp-json\/wp\/v2\/types\/page"}],"author":[{"embeddable":true,"href":"https:\/\/buy-machine.com\/fr\/wp-json\/wp\/v2\/users\/1"}],"replies":[{"embeddable":true,"href":"https:\/\/buy-machine.com\/fr\/wp-json\/wp\/v2\/comments?post=1521"}],"version-history":[{"count":0,"href":"https:\/\/buy-machine.com\/fr\/wp-json\/wp\/v2\/pages\/1521\/revisions"}],"wp:attachment":[{"href":"https:\/\/buy-machine.com\/fr\/wp-json\/wp\/v2\/media?parent=1521"}],"curies":[{"name":"wp","href":"https:\/\/api.w.org\/{rel}","templated":true}]}}