{"id":1502,"date":"2023-05-24T02:34:49","date_gmt":"2023-05-24T02:34:49","guid":{"rendered":"https:\/\/buy-machine.com\/?page_id=1502"},"modified":"2023-05-24T03:44:16","modified_gmt":"2023-05-24T03:44:16","slug":"privacy-policy","status":"publish","type":"page","link":"https:\/\/buy-machine.com\/pt\/privacy-policy\/","title":{"rendered":"pol\u00edtica de Privacidade"},"content":{"rendered":"<div data-elementor-type=\"wp-page\" data-elementor-id=\"1502\" class=\"elementor elementor-1502\" data-elementor-post-type=\"page\">\n\t\t\t\t\t\t<section class=\"elementor-section elementor-top-section elementor-element elementor-element-610fb6e elementor-section-boxed elementor-section-height-default elementor-section-height-default\" data-id=\"610fb6e\" data-element_type=\"section\" data-e-type=\"section\" data-settings=\"{&quot;background_background&quot;:&quot;classic&quot;}\">\n\t\t\t\t\t\t\t<div class=\"elementor-background-overlay\"><\/div>\n\t\t\t\t\t\t\t<div class=\"elementor-container elementor-column-gap-default\">\n\t\t\t\t\t<div class=\"elementor-column elementor-col-100 elementor-top-column elementor-element elementor-element-ff0588b\" data-id=\"ff0588b\" data-element_type=\"column\" data-e-type=\"column\">\n\t\t\t<div class=\"elementor-widget-wrap elementor-element-populated\">\n\t\t\t\t\t\t<div class=\"elementor-element elementor-element-df83f48 elementor-widget__width-auto elementor-invisible elementor-widget elementor-widget-heading\" data-id=\"df83f48\" data-element_type=\"widget\" data-e-type=\"widget\" data-settings=\"{&quot;_animation&quot;:&quot;fadeInLeft&quot;}\" data-widget_type=\"heading.default\">\n\t\t\t\t<div class=\"elementor-widget-container\">\n\t\t\t\t\t<h2 class=\"elementor-heading-title elementor-size-default\">pol\u00edtica de Privacidade<\/h2>\t\t\t\t<\/div>\n\t\t\t\t<\/div>\n\t\t\t\t<div class=\"elementor-element elementor-element-f0cd3ff elementor-widget elementor-widget-woocommerce-breadcrumb\" data-id=\"f0cd3ff\" data-element_type=\"widget\" data-e-type=\"widget\" data-widget_type=\"woocommerce-breadcrumb.default\">\n\t\t\t\t<div class=\"elementor-widget-container\">\n\t\t\t\t\t<nav class=\"woocommerce-breadcrumb\" aria-label=\"Breadcrumb\" data-no-translation=\"\" data-trp-gettext=\"\">In\u00edcio<\/nav>\t\t\t\t<\/div>\n\t\t\t\t<\/div>\n\t\t\t\t\t<\/div>\n\t\t<\/div>\n\t\t\t\t\t<\/div>\n\t\t<\/section>\n\t\t\t\t<section class=\"elementor-section elementor-top-section elementor-element elementor-element-ae682d7 elementor-section-boxed elementor-section-height-default elementor-section-height-default\" data-id=\"ae682d7\" data-element_type=\"section\" data-e-type=\"section\">\n\t\t\t\t\t\t<div class=\"elementor-container elementor-column-gap-default\">\n\t\t\t\t\t<div class=\"elementor-column elementor-col-100 elementor-top-column elementor-element elementor-element-4df2a4b\" data-id=\"4df2a4b\" data-element_type=\"column\" data-e-type=\"column\">\n\t\t\t<div class=\"elementor-widget-wrap elementor-element-populated\">\n\t\t\t\t\t\t<div class=\"elementor-element elementor-element-267b997 elementor-widget elementor-widget-text-editor\" data-id=\"267b997\" data-element_type=\"widget\" data-e-type=\"widget\" data-widget_type=\"text-editor.default\">\n\t\t\t\t<div class=\"elementor-widget-container\">\n\t\t\t\t\t\t\t\t\t<p>A Shandong buy machine equipment co., ltd. compromete-se a proteger a sua privacidade e a merecer a sua confian\u00e7a. A Shandong buy machine equipment co., ltd. n\u00e3o vende, troca ou aluga a sua informa\u00e7\u00e3o pessoal a terceiros. Esta pol\u00edtica divulga as pr\u00e1ticas de privacidade para o site Shandong buy machine equipment co., ltd. s\u00edtio Web. Utilizamos a informa\u00e7\u00e3o recolhida no s\u00edtio Web da Shandong buy machine equipment co., ltd. para processar encomendas e manter uma rela\u00e7\u00e3o com o utilizador atrav\u00e9s da utiliza\u00e7\u00e3o dos nossos produtos e servi\u00e7os. Esta pol\u00edtica explica como s\u00e3o protegidas as informa\u00e7\u00f5es pessoais do utilizador. \u00c9 nossa inten\u00e7\u00e3o dar-lhe o m\u00e1ximo de controlo poss\u00edvel sobre a sua privacidade e informa\u00e7\u00f5es pessoais e a utiliza\u00e7\u00e3o que fazemos delas na nossa atividade. Esta pol\u00edtica est\u00e1 sujeita a altera\u00e7\u00f5es, pelo que deve ser consultada periodicamente.<\/p>\t\t\t\t\t\t\t\t<\/div>\n\t\t\t\t<\/div>\n\t\t\t\t<div class=\"elementor-element elementor-element-ea6be08 elementor-widget elementor-widget-heading\" data-id=\"ea6be08\" data-element_type=\"widget\" data-e-type=\"widget\" data-widget_type=\"heading.default\">\n\t\t\t\t<div class=\"elementor-widget-container\">\n\t\t\t\t\t<h5 class=\"elementor-heading-title elementor-size-default\">Como \u00e9 que a Shandong buy machine equipment co., ltd. utiliza as minhas informa\u00e7\u00f5es?<\/h5>\t\t\t\t<\/div>\n\t\t\t\t<\/div>\n\t\t\t\t<div class=\"elementor-element elementor-element-085eb28 elementor-widget elementor-widget-text-editor\" data-id=\"085eb28\" data-element_type=\"widget\" data-e-type=\"widget\" data-widget_type=\"text-editor.default\">\n\t\t\t\t<div class=\"elementor-widget-container\">\n\t\t\t\t\t\t\t\t\t<p>Recolhemos informa\u00e7\u00f5es pessoais para nos ajudar a proporcionar uma experi\u00eancia de utiliza\u00e7\u00e3o de elevada qualidade e para ajudar a Shandong buy machine equipment co., ltd. a compreender melhor os nossos clientes. A Shandong buy machine equipment co., ltd. n\u00e3o vende, troca ou aluga a sua informa\u00e7\u00e3o pessoal a terceiros. As informa\u00e7\u00f5es pessoais que optar por nos fornecer permitem \u00e0 Shandong buy machine equipment co., ltd. processar e satisfazer o seu pedido de avalia\u00e7\u00e3o gratuita do Centro de Forma\u00e7\u00e3o da Shandong buy machine equipment co., ltd. Training Center. Tamb\u00e9m utilizamos essas informa\u00e7\u00f5es caso o utilizador opte por encomendar os nossos produtos e servi\u00e7os para processar e concluir a sua encomenda e notific\u00e1-lo do estado da sua encomenda.<\/p><ul><li>Utilizamos as informa\u00e7\u00f5es pessoais que nos fornece para lhe fornecer informa\u00e7\u00f5es actualizadas sobre os produtos e servi\u00e7os da Shandong buy machine equipment co., ltd.<\/li><li>Poderemos utilizar as informa\u00e7\u00f5es que recolhemos para o notificar periodicamente sobre altera\u00e7\u00f5es importantes na funcionalidade do s\u00edtio Web, novos servi\u00e7os e produtos da Shandong buy machine equipment co., ltd. e ofertas especiais que consideramos \u00fateis para o utilizador.<\/li><li>Quando o utilizador nos fornece informa\u00e7\u00f5es pessoais para participar num concurso ou numa promo\u00e7\u00e3o patrocinada pela Shandong buy machine equipment co., ltd. ou pelos seus parceiros, utilizamos essas informa\u00e7\u00f5es para administrar o concurso e notificar os vencedores. Armazenamos todas as informa\u00e7\u00f5es relacionadas com esses concursos e promo\u00e7\u00f5es.<\/li><li>Apresentaremos an\u00fancios ou promo\u00e7\u00f5es direccionados aos nossos clientes utilizando as informa\u00e7\u00f5es pessoais que nos fornecer. N\u00e3o permitimos que os anunciantes tenham acesso a informa\u00e7\u00f5es de contas individuais. Estes an\u00fancios s\u00e3o normalmente banners e mensagens de correio eletr\u00f3nico promocionais.<\/li><li>Tamb\u00e9m pesquisamos os dados demogr\u00e1ficos, os interesses e o comportamento dos nossos utilizadores com base nas informa\u00e7\u00f5es que nos fornece na nossa ferramenta de inqu\u00e9rito online. Compilamos e analisamos estas informa\u00e7\u00f5es de forma agregada ou an\u00f3nima.<\/li><li>Utilizamos os endere\u00e7os IP que recolhemos para comunicar informa\u00e7\u00f5es agregadas ou an\u00f3nimas aos nossos anunciantes.<\/li><\/ul>\t\t\t\t\t\t\t\t<\/div>\n\t\t\t\t<\/div>\n\t\t\t\t<div class=\"elementor-element elementor-element-89b4e86 elementor-widget elementor-widget-heading\" data-id=\"89b4e86\" data-element_type=\"widget\" data-e-type=\"widget\" data-widget_type=\"heading.default\">\n\t\t\t\t<div class=\"elementor-widget-container\">\n\t\t\t\t\t<h5 class=\"elementor-heading-title elementor-size-default\">Quem recolhe as informa\u00e7\u00f5es?<\/h5>\t\t\t\t<\/div>\n\t\t\t\t<\/div>\n\t\t\t\t<div class=\"elementor-element elementor-element-2579cec elementor-widget elementor-widget-text-editor\" data-id=\"2579cec\" data-element_type=\"widget\" data-e-type=\"widget\" data-widget_type=\"text-editor.default\">\n\t\t\t\t<div class=\"elementor-widget-container\">\n\t\t\t\t\t\t\t\t\t<p>Quando o utilizador fornece informa\u00e7\u00f5es pessoais num s\u00edtio da Shandong buy machine equipment co., ltd., essas informa\u00e7\u00f5es s\u00e3o partilhadas apenas com a Shandong buy machine equipment co., ltd. salvo indica\u00e7\u00e3o expressa em contr\u00e1rio. Se uma empresa que n\u00e3o a Shandong buy machine equipment co., ltd. estiver a recolher ou a manter os seus dados pessoais a partir do nosso s\u00edtio Web, ser\u00e1 informado antes de estes serem recolhidos ou transferidos. O utilizador pode sempre optar por n\u00e3o partilhar a informa\u00e7\u00e3o. Quando outras empresas que n\u00e3o a Shandong buy machine equipment co., ltd. patrocinam promo\u00e7\u00f5es, os dados recolhidos no site da Shandong buy machine equipment co., ltd. relacionados com estas promo\u00e7\u00f5es podem ser partilhados com o patrocinador. Mais uma vez, se for esse o caso, o utilizador ser\u00e1 notificado antes de os dados serem recolhidos ou transferidos, e poder\u00e1 decidir n\u00e3o participar. A maioria destas promo\u00e7\u00f5es est\u00e1 limitada a residentes nos Estados Unidos ou na Am\u00e9rica do Norte. Se o utilizador sair do nosso s\u00edtio Web utilizando liga\u00e7\u00f5es para aceder a outros s\u00edtios Web de terceiros, esses terceiros podem recolher informa\u00e7\u00f5es sobre o utilizador. Esta pol\u00edtica de privacidade n\u00e3o abrange as pr\u00e1ticas dessas empresas.<\/p>\t\t\t\t\t\t\t\t<\/div>\n\t\t\t\t<\/div>\n\t\t\t\t<div class=\"elementor-element elementor-element-4ab54b5 elementor-widget elementor-widget-heading\" data-id=\"4ab54b5\" data-element_type=\"widget\" data-e-type=\"widget\" data-widget_type=\"heading.default\">\n\t\t\t\t<div class=\"elementor-widget-container\">\n\t\t\t\t\t<h5 class=\"elementor-heading-title elementor-size-default\">A Shandong buy machine equipment co., ltd. partilha as minhas informa\u00e7\u00f5es?<\/h5>\t\t\t\t<\/div>\n\t\t\t\t<\/div>\n\t\t\t\t<div class=\"elementor-element elementor-element-61845a0 elementor-widget elementor-widget-text-editor\" data-id=\"61845a0\" data-element_type=\"widget\" data-e-type=\"widget\" data-widget_type=\"text-editor.default\">\n\t\t\t\t<div class=\"elementor-widget-container\">\n\t\t\t\t\t\t\t\t\t<p>Para al\u00e9m do indicado na presente pol\u00edtica, a Shandong buy machine equipment co., ltd. n\u00e3o divulga nenhuma das suas informa\u00e7\u00f5es pessoais a terceiros sem a sua autoriza\u00e7\u00e3o. Leia as sec\u00e7\u00f5es seguintes para saber mais.<\/p>\t\t\t\t\t\t\t\t<\/div>\n\t\t\t\t<\/div>\n\t\t\t\t<div class=\"elementor-element elementor-element-4fd808e elementor-widget elementor-widget-heading\" data-id=\"4fd808e\" data-element_type=\"widget\" data-e-type=\"widget\" data-widget_type=\"heading.default\">\n\t\t\t\t<div class=\"elementor-widget-container\">\n\t\t\t\t\t<h5 class=\"elementor-heading-title elementor-size-default\">Outras situa\u00e7\u00f5es<\/h5>\t\t\t\t<\/div>\n\t\t\t\t<\/div>\n\t\t\t\t<div class=\"elementor-element elementor-element-5c6a3b9 elementor-widget elementor-widget-text-editor\" data-id=\"5c6a3b9\" data-element_type=\"widget\" data-e-type=\"widget\" data-widget_type=\"text-editor.default\">\n\t\t\t\t<div class=\"elementor-widget-container\">\n\t\t\t\t\t\t\t\t\t<p>A Shandong buy machine equipment co., ltd. tamb\u00e9m pode divulgar as suas informa\u00e7\u00f5es quando a divulga\u00e7\u00e3o for necess\u00e1ria para identificar, contactar ou intentar uma a\u00e7\u00e3o legal contra algu\u00e9m que possa estar a causar danos ou interferir com os nossos direitos ou direitos de propriedade, os direitos dos utilizadores ou os direitos de terceiros. Da mesma forma, a Shandong buy machine equipment co., ltd. divulgar\u00e1 informa\u00e7\u00f5es quando acreditarmos razoavelmente que a divulga\u00e7\u00e3o \u00e9 exigida por lei ou para cumprir um processo legal servido na Shandong buy machine equipment co., ltd. ou no seu s\u00edtio Web. Poderemos divulgar a sua informa\u00e7\u00e3o pessoal na convic\u00e7\u00e3o de boa f\u00e9 de que temos de agir em circunst\u00e2ncias exigentes para proteger a seguran\u00e7a pessoal dos utilizadores do Shandong buy machine equipment co., ltd., do seu Web site, ou do p\u00fablico.<\/p>\t\t\t\t\t\t\t\t<\/div>\n\t\t\t\t<\/div>\n\t\t\t\t<div class=\"elementor-element elementor-element-2cffed7 elementor-widget elementor-widget-heading\" data-id=\"2cffed7\" data-element_type=\"widget\" data-e-type=\"widget\" data-widget_type=\"heading.default\">\n\t\t\t\t<div class=\"elementor-widget-container\">\n\t\t\t\t\t<h5 class=\"elementor-heading-title elementor-size-default\">Como \u00e9 que a Shandong buy machine equipment co., ltd. protege o seu cart\u00e3o de cr\u00e9dito e as suas informa\u00e7\u00f5es financeiras?<\/h5>\t\t\t\t<\/div>\n\t\t\t\t<\/div>\n\t\t\t\t<div class=\"elementor-element elementor-element-3cb68d9 elementor-widget elementor-widget-text-editor\" data-id=\"3cb68d9\" data-element_type=\"widget\" data-e-type=\"widget\" data-widget_type=\"text-editor.default\">\n\t\t\t\t<div class=\"elementor-widget-container\">\n\t\t\t\t\t\t\t\t\t<p>Comprometemo-nos a proteger a privacidade das informa\u00e7\u00f5es do seu cart\u00e3o de cr\u00e9dito e da sua conta financeira. N\u00e3o vendemos, trocamos ou alugamos as suas informa\u00e7\u00f5es financeiras ou de cart\u00e3o de cr\u00e9dito. N\u00e3o disponibilizamos estas informa\u00e7\u00f5es a ningu\u00e9m sem a sua autoriza\u00e7\u00e3o. Poderemos fornecer dados estat\u00edsticos sobre os nossos clientes a anunciantes, parceiros, fornecedores e outros terceiros id\u00f3neos. Estes dados s\u00e3o compostos apenas por dados agregados ou an\u00f3nimos, que n\u00e3o cont\u00eam quaisquer informa\u00e7\u00f5es de identifica\u00e7\u00e3o pessoal. Por exemplo, n\u00e3o divulgaremos que o utilizador comprou um produto espec\u00edfico, mas poderemos divulgar estat\u00edsticas sobre o n\u00famero de clientes que compraram um produto espec\u00edfico. Quando o utilizador introduz informa\u00e7\u00f5es sobre o cart\u00e3o de cr\u00e9dito no nosso s\u00edtio Web, transmitimos as informa\u00e7\u00f5es em formato encriptado, utilizando a encripta\u00e7\u00e3o SSL (secure socket layer) padr\u00e3o da ind\u00fastria.<\/p>\t\t\t\t\t\t\t\t<\/div>\n\t\t\t\t<\/div>\n\t\t\t\t<div class=\"elementor-element elementor-element-0d56093 elementor-widget elementor-widget-heading\" data-id=\"0d56093\" data-element_type=\"widget\" data-e-type=\"widget\" data-widget_type=\"heading.default\">\n\t\t\t\t<div class=\"elementor-widget-container\">\n\t\t\t\t\t<h5 class=\"elementor-heading-title elementor-size-default\">Os seus direitos em rela\u00e7\u00e3o aos seus dados pessoais<\/h5>\t\t\t\t<\/div>\n\t\t\t\t<\/div>\n\t\t\t\t<div class=\"elementor-element elementor-element-aa04cfe elementor-widget elementor-widget-text-editor\" data-id=\"aa04cfe\" data-element_type=\"widget\" data-e-type=\"widget\" data-widget_type=\"text-editor.default\">\n\t\t\t\t<div class=\"elementor-widget-container\">\n\t\t\t\t\t\t\t\t\t<p>O utilizador tem o direito, ao abrigo da presente Pol\u00edtica de Privacidade e de Cookies, e por lei se estiver na UE, de:<\/p><ul><li><b><\/b><strong><b>Solicitar o acesso aos seus dados pessoais.\u00a0<\/b><\/strong>Se estiver na UE, isto permite-lhe receber uma c\u00f3pia dos Dados Pessoais que temos sobre si e verificar se os estamos a processar legalmente.<\/li><li><b><\/b><strong><b>Solicitar a corre\u00e7\u00e3o dos dados pessoais que temos sobre si.\u00a0<\/b><\/strong>Isto permite-lhe corrigir qualquer informa\u00e7\u00e3o incompleta ou incorrecta que tenhamos sobre si.<\/li><li><b><\/b><strong><b>Solicitar o apagamento dos seus dados pessoais.\u00a0<\/b><\/strong>Isto permite-lhe pedir-nos para apagar ou remover os Dados Pessoais quando n\u00e3o houver uma boa raz\u00e3o para continuarmos a process\u00e1-los. O utilizador tamb\u00e9m tem o direito, se estiver na UE, de nos pedir para apagar ou remover os seus Dados Pessoais se tiver exercido o seu direito de se opor ao processamento (ver abaixo).<\/li><li><b><\/b><strong><b>Opor-se ao tratamento dos seus dados pessoais.\u00a0<\/b><\/strong>Este direito existe quando nos baseamos num interesse leg\u00edtimo como base legal para o nosso processamento e existe algo na sua situa\u00e7\u00e3o particular que o leva a querer opor-se ao processamento dos seus Dados Pessoais por este motivo. Tamb\u00e9m tem o direito de se opor quando estamos a processar os seus Dados Pessoais para fins de marketing direto.<\/li><li><b><\/b><strong><b>Solicitar a limita\u00e7\u00e3o do tratamento dos seus dados pessoais.\u00a0<\/b><\/strong>Isto permite-lhe pedir-nos para suspender o tratamento dos seus dados pessoais, por exemplo, se quiser que verifiquemos a sua exatid\u00e3o ou o motivo do tratamento.<\/li><li><b><\/b><strong><b>Solicitar a transfer\u00eancia dos seus dados pessoais.\u00a0<\/b><\/strong>Se o utilizador se encontrar na UE, fornecer-lhe-emos, ou a um terceiro que tenha escolhido, os seus Dados Pessoais num formato estruturado, comummente utilizado e leg\u00edvel por m\u00e1quina. Tenha em aten\u00e7\u00e3o que este direito apenas se aplica a informa\u00e7\u00f5es automatizadas que o utilizador tenha inicialmente consentido que utiliz\u00e1ssemos ou em que tenhamos utilizado as informa\u00e7\u00f5es para executar um contrato com o utilizador.<\/li><li><b><\/b><strong><b>Retirar o consentimento.\u00a0<\/b><\/strong>Este direito s\u00f3 existe quando estamos a contar com o consentimento para processar os seus Dados Pessoais (\"Retirada de consentimento\"). Se retirar o seu consentimento, poderemos n\u00e3o conseguir fornecer-lhe acesso a determinadas funcionalidades espec\u00edficas do nosso S\u00edtio. Inform\u00e1-lo-emos se for esse o caso no momento em que retirar o seu consentimento<\/li><\/ul>\t\t\t\t\t\t\t\t<\/div>\n\t\t\t\t<\/div>\n\t\t\t\t<div class=\"elementor-element elementor-element-4643928 elementor-widget elementor-widget-heading\" data-id=\"4643928\" data-element_type=\"widget\" data-e-type=\"widget\" data-widget_type=\"heading.default\">\n\t\t\t\t<div class=\"elementor-widget-container\">\n\t\t\t\t\t<h5 class=\"elementor-heading-title elementor-size-default\">Queixas<\/h5>\t\t\t\t<\/div>\n\t\t\t\t<\/div>\n\t\t\t\t<div class=\"elementor-element elementor-element-d4c37d3 elementor-widget elementor-widget-text-editor\" data-id=\"d4c37d3\" data-element_type=\"widget\" data-e-type=\"widget\" data-widget_type=\"text-editor.default\">\n\t\t\t\t<div class=\"elementor-widget-container\">\n\t\t\t\t\t\t\t\t\t<p>Se pretender apresentar uma queixa relativa a esta Pol\u00edtica de Privacidade ou \u00e0s nossas pr\u00e1ticas em rela\u00e7\u00e3o aos seus Dados Pessoais, contacte-nos atrav\u00e9s de: marc.wins@skilldynamics.com<\/p><p>Responderemos \u00e0 sua queixa logo que poss\u00edvel.<\/p><p>Se considerar que a sua queixa n\u00e3o foi adequadamente resolvida, tenha em aten\u00e7\u00e3o que, se estiver na UE, o RGPD d\u00e1-lhe o direito de contactar a sua autoridade local de supervis\u00e3o da prote\u00e7\u00e3o de dados.<\/p><p>Ficheiros de registo: As informa\u00e7\u00f5es dos ficheiros de registo s\u00e3o automaticamente comunicadas pelo seu browser sempre que acede a uma p\u00e1gina Web. Quando o utilizador utiliza os Servi\u00e7os, os nossos servidores registam automaticamente determinadas informa\u00e7\u00f5es que o seu browser envia sempre que o utilizador visita qualquer website. Estes registos do servidor podem incluir informa\u00e7\u00f5es como o seu pedido na Web, endere\u00e7o de Protocolo de Internet, tipo de browser, p\u00e1ginas e URLs de refer\u00eancia\/sa\u00edda, n\u00famero de cliques, nomes de dom\u00ednio, p\u00e1ginas de destino, p\u00e1ginas visualizadas e outras informa\u00e7\u00f5es semelhantes.<\/p>\t\t\t\t\t\t\t\t<\/div>\n\t\t\t\t<\/div>\n\t\t\t\t<div class=\"elementor-element elementor-element-294c9ff elementor-widget elementor-widget-heading\" data-id=\"294c9ff\" data-element_type=\"widget\" data-e-type=\"widget\" data-widget_type=\"heading.default\">\n\t\t\t\t<div class=\"elementor-widget-container\">\n\t\t\t\t\t<h5 class=\"elementor-heading-title elementor-size-default\">Durante quanto tempo guardamos os seus Dados Pessoais<\/h5>\t\t\t\t<\/div>\n\t\t\t\t<\/div>\n\t\t\t\t<div class=\"elementor-element elementor-element-ebcec38 elementor-widget elementor-widget-text-editor\" data-id=\"ebcec38\" data-element_type=\"widget\" data-e-type=\"widget\" data-widget_type=\"text-editor.default\">\n\t\t\t\t<div class=\"elementor-widget-container\">\n\t\t\t\t\t\t\t\t\t<p>Conservaremos as suas informa\u00e7\u00f5es enquanto a sua conta estiver ativa ou enquanto forem razoavelmente necess\u00e1rias para os fins definidos em Como utilizamos os seus dados pessoais e porqu\u00ea, a menos que solicite a remo\u00e7\u00e3o dos seus dados pessoais, conforme descrito em Os seus direitos relacionados com os seus dados pessoais. Apenas conservaremos os seus Dados Pessoais durante o tempo que for razoavelmente necess\u00e1rio para os utilizar para estes fins, exceto se for exigido por lei um per\u00edodo de conserva\u00e7\u00e3o mais longo (por exemplo, para fins regulamentares). Isto pode incluir a conserva\u00e7\u00e3o dos seus Dados Pessoais depois de ter desativado a sua conta durante o per\u00edodo de tempo necess\u00e1rio para prosseguirmos interesses comerciais leg\u00edtimos, realizarmos auditorias, cumprirmos (e demonstrarmos o cumprimento) de obriga\u00e7\u00f5es legais, resolvermos lit\u00edgios e fazermos cumprir os nossos acordos.<\/p>\t\t\t\t\t\t\t\t<\/div>\n\t\t\t\t<\/div>\n\t\t\t\t<div class=\"elementor-element elementor-element-4512812 elementor-widget elementor-widget-heading\" data-id=\"4512812\" data-element_type=\"widget\" data-e-type=\"widget\" data-widget_type=\"heading.default\">\n\t\t\t\t<div class=\"elementor-widget-container\">\n\t\t\t\t\t<h5 class=\"elementor-heading-title elementor-size-default\">O que s\u00e3o cookies e como \u00e9 que a Shandong buy machine equipment co., ltd. os utiliza?<\/h5>\t\t\t\t<\/div>\n\t\t\t\t<\/div>\n\t\t\t\t<div class=\"elementor-element elementor-element-6c0bb79 elementor-widget elementor-widget-text-editor\" data-id=\"6c0bb79\" data-element_type=\"widget\" data-e-type=\"widget\" data-widget_type=\"text-editor.default\">\n\t\t\t\t<div class=\"elementor-widget-container\">\n\t\t\t\t\t\t\t\t\t<p>Algumas partes do nosso sistema de gest\u00e3o da aprendizagem utilizam \"cookies\" para que possam reconhecer imediatamente um utilizador e atribuir-lhe diferentes permiss\u00f5es associadas \u00e0 funcionalidade do sistema. Um \"cookie\" \u00e9 um peda\u00e7o de dados que \u00e9 enviado para o seu navegador a partir de um servidor Web e armazenado pelo seu navegador no disco r\u00edgido do seu computador. As defini\u00e7\u00f5es do seu browser t\u00eam de estar configuradas para aceitar cookies antes de poder iniciar sess\u00e3o ou personalizar. A maioria dos browsers est\u00e1 configurada para aceitar cookies, mas normalmente pode alterar as defini\u00e7\u00f5es do seu browser para os recusar. A Shandong buy machine equipment co., ltd. n\u00e3o utiliza cookies para obter informa\u00e7\u00f5es pessoais sobre o utilizador a partir do seu computador. Esta pol\u00edtica n\u00e3o abrange a utiliza\u00e7\u00e3o de cookies por quaisquer anunciantes no nosso s\u00edtio Web. A Shandong buy machine equipment co., ltd. utiliza cookies para: Localizar o seu nome e as informa\u00e7\u00f5es da sua conta quando inicia sess\u00e3o no seu Centro de Forma\u00e7\u00e3o Shandong buy machine equipment co., ltd. Training Center para que possa aceder \u00e0s informa\u00e7\u00f5es da sua conta. Quando o utilizador inicia sess\u00e3o, o cookie \u00e9 definido e, quando termina a sess\u00e3o, o cookie \u00e9 modificado. Estimar a dimens\u00e3o da nossa audi\u00eancia. Cada browser que acede a Shandong buy machine equipment co., ltd. recebe um cookie \u00fanico, que \u00e9 utilizado para calcular quantas pessoas regressam ao nosso Web site, comparar o n\u00famero de visitantes registados e n\u00e3o registados no nosso site e utilizar os interesses e o comportamento dos clientes para direcionar os nossos an\u00fancios. Ajudar os parceiros da Shandong buy machine equipment co., ltd. a acompanhar as visitas e a concluir transac\u00e7\u00f5es comerciais. Esta informa\u00e7\u00e3o \u00e9 por vezes designada por \"clickstream\" ou \"click trail\". Acompanhar a forma como o utilizador utiliza as nossas promo\u00e7\u00f5es, concursos e vendas. Quando uma promo\u00e7\u00e3o organizada pela Shandong buy machine equipment co., ltd. utiliza cookies, as informa\u00e7\u00f5es gravadas no cookie acompanham o progresso do utilizador ao longo da promo\u00e7\u00e3o (por exemplo, entradas, envios e estado nos sorteios de pr\u00e9mios). Medir o tr\u00e1fego para v\u00e1rias \u00e1reas do s\u00edtio Web da Shandong buy machine equipment co., ltd. Web site. Medimos as \u00e1reas da rede de Web sites que o utilizador visita e os seus padr\u00f5es de visita de forma agregada. Esta pesquisa ajuda-nos a compreender as formas como os nossos clientes s\u00e3o semelhantes e as formas como s\u00e3o diferentes. Podemos utilizar estas informa\u00e7\u00f5es para personalizar as informa\u00e7\u00f5es e o design do nosso s\u00edtio Web.<\/p>\t\t\t\t\t\t\t\t<\/div>\n\t\t\t\t<\/div>\n\t\t\t\t\t<\/div>\n\t\t<\/div>\n\t\t\t\t\t<\/div>\n\t\t<\/section>\n\t\t\t\t<\/div>","protected":false},"excerpt":{"rendered":"<p>Privacy Policy Shandong buy machine equipment co., ltd. is committed to protecting your privacy and earning your trust. Shandong buy machine equipment co., ltd. does not sell, trade, or rent your personal information to others. This policy discloses the privacy practices for the Shandong buy machine equipment co., ltd. Web site. We use the information [&hellip;]<\/p>\n","protected":false},"author":1,"featured_media":0,"parent":0,"menu_order":0,"comment_status":"closed","ping_status":"closed","template":"elementor_header_footer","meta":{"footnotes":""},"class_list":["post-1502","page","type-page","status-publish","hentry"],"blocksy_meta":{"styles_descriptor":{"styles":{"desktop":"","tablet":"","mobile":""},"google_fonts":[],"version":6}},"_links":{"self":[{"href":"https:\/\/buy-machine.com\/pt\/wp-json\/wp\/v2\/pages\/1502","targetHints":{"allow":["GET"]}}],"collection":[{"href":"https:\/\/buy-machine.com\/pt\/wp-json\/wp\/v2\/pages"}],"about":[{"href":"https:\/\/buy-machine.com\/pt\/wp-json\/wp\/v2\/types\/page"}],"author":[{"embeddable":true,"href":"https:\/\/buy-machine.com\/pt\/wp-json\/wp\/v2\/users\/1"}],"replies":[{"embeddable":true,"href":"https:\/\/buy-machine.com\/pt\/wp-json\/wp\/v2\/comments?post=1502"}],"version-history":[{"count":0,"href":"https:\/\/buy-machine.com\/pt\/wp-json\/wp\/v2\/pages\/1502\/revisions"}],"wp:attachment":[{"href":"https:\/\/buy-machine.com\/pt\/wp-json\/wp\/v2\/media?parent=1502"}],"curies":[{"name":"wp","href":"https:\/\/api.w.org\/{rel}","templated":true}]}}