{"id":1512,"date":"2023-05-24T03:12:20","date_gmt":"2023-05-24T03:12:20","guid":{"rendered":"https:\/\/buy-machine.com\/?page_id=1512"},"modified":"2023-05-31T01:14:19","modified_gmt":"2023-05-31T01:14:19","slug":"refund-policy","status":"publish","type":"page","link":"https:\/\/buy-machine.com\/pt\/refund-policy\/","title":{"rendered":"Politica de reembolso"},"content":{"rendered":"<div data-elementor-type=\"wp-page\" data-elementor-id=\"1512\" class=\"elementor elementor-1512\" data-elementor-post-type=\"page\">\n\t\t\t\t\t\t<section class=\"elementor-section elementor-top-section elementor-element elementor-element-1b3d6fec elementor-section-boxed elementor-section-height-default elementor-section-height-default\" data-id=\"1b3d6fec\" data-element_type=\"section\" data-e-type=\"section\" data-settings=\"{&quot;background_background&quot;:&quot;classic&quot;}\">\n\t\t\t\t\t\t\t<div class=\"elementor-background-overlay\"><\/div>\n\t\t\t\t\t\t\t<div class=\"elementor-container elementor-column-gap-default\">\n\t\t\t\t\t<div class=\"elementor-column elementor-col-100 elementor-top-column elementor-element elementor-element-fb2911a\" data-id=\"fb2911a\" data-element_type=\"column\" data-e-type=\"column\">\n\t\t\t<div class=\"elementor-widget-wrap elementor-element-populated\">\n\t\t\t\t\t\t<div class=\"elementor-element elementor-element-77fdc9e8 elementor-widget__width-auto elementor-invisible elementor-widget elementor-widget-heading\" data-id=\"77fdc9e8\" data-element_type=\"widget\" data-e-type=\"widget\" data-settings=\"{&quot;_animation&quot;:&quot;fadeInLeft&quot;}\" data-widget_type=\"heading.default\">\n\t\t\t\t<div class=\"elementor-widget-container\">\n\t\t\t\t\t<h2 class=\"elementor-heading-title elementor-size-default\">  <\/h2>\t\t\t\t<\/div>\n\t\t\t\t<\/div>\n\t\t\t\t<div class=\"elementor-element elementor-element-2fce5fd elementor-widget__width-auto elementor-invisible elementor-widget elementor-widget-heading\" data-id=\"2fce5fd\" data-element_type=\"widget\" data-e-type=\"widget\" data-settings=\"{&quot;_animation&quot;:&quot;fadeInLeft&quot;}\" data-widget_type=\"heading.default\">\n\t\t\t\t<div class=\"elementor-widget-container\">\n\t\t\t\t\t<h2 class=\"elementor-heading-title elementor-size-default\">Politica de reembolso<\/h2>\t\t\t\t<\/div>\n\t\t\t\t<\/div>\n\t\t\t\t<div class=\"elementor-element elementor-element-15428564 elementor-widget elementor-widget-woocommerce-breadcrumb\" data-id=\"15428564\" data-element_type=\"widget\" data-e-type=\"widget\" data-widget_type=\"woocommerce-breadcrumb.default\">\n\t\t\t\t<div class=\"elementor-widget-container\">\n\t\t\t\t\t<nav class=\"woocommerce-breadcrumb\" aria-label=\"Breadcrumb\" data-no-translation=\"\" data-trp-gettext=\"\">In\u00edcio<\/nav>\t\t\t\t<\/div>\n\t\t\t\t<\/div>\n\t\t\t\t\t<\/div>\n\t\t<\/div>\n\t\t\t\t\t<\/div>\n\t\t<\/section>\n\t\t\t\t<section class=\"elementor-section elementor-top-section elementor-element elementor-element-2584e3c elementor-section-boxed elementor-section-height-default elementor-section-height-default\" data-id=\"2584e3c\" data-element_type=\"section\" data-e-type=\"section\">\n\t\t\t\t\t\t<div class=\"elementor-container elementor-column-gap-default\">\n\t\t\t\t\t<div class=\"elementor-column elementor-col-100 elementor-top-column elementor-element elementor-element-fbec52b\" data-id=\"fbec52b\" data-element_type=\"column\" data-e-type=\"column\">\n\t\t\t<div class=\"elementor-widget-wrap elementor-element-populated\">\n\t\t\t\t\t\t<div class=\"elementor-element elementor-element-514b8ca elementor-widget elementor-widget-text-editor\" data-id=\"514b8ca\" data-element_type=\"widget\" data-e-type=\"widget\" data-widget_type=\"text-editor.default\">\n\t\t\t\t<div class=\"elementor-widget-container\">\n\t\t\t\t\t\t\t\t\t<p>Na Shandong buy machine equipment co., ltd, n\u00f3s nos esfor\u00e7amos para fornecer produtos de alta qualidade e excelente atendimento ao cliente. Entendemos que \u00e0s vezes um produto pode n\u00e3o atender \u00e0s suas expectativas. Nesse caso, oferecemos uma pol\u00edtica de reembolso que permite que voc\u00ea devolva o produto dentro de um determinado per\u00edodo de tempo a partir da data da compra.<\/p><p>Tenha em aten\u00e7\u00e3o que n\u00e3o podemos fazer quaisquer promessas ou garantias sobre o resultado de qualquer produto que oferecemos. Esfor\u00e7amo-nos por fornecer produtos de alta qualidade, mas o sucesso de qualquer produto depende de v\u00e1rios factores que est\u00e3o fora do nosso controlo. Por conseguinte, n\u00e3o podemos oferecer reembolsos com base no resultado de qualquer produto.<\/p><p><strong>A nossa pol\u00edtica de reembolso \u00e9 a seguinte:<\/strong><br \/>Se n\u00e3o estiver satisfeito com o produto, pode ser eleg\u00edvel para uma devolu\u00e7\u00e3o.<br \/>Para iniciar uma devolu\u00e7\u00e3o, contacte-nos atrav\u00e9s do endere\u00e7o leo-yue@qilumachinery.com.<br \/>O produto deve estar na sua embalagem original e em estado novo para ser eleg\u00edvel para uma devolu\u00e7\u00e3o.<br \/>As taxas de envio e de manuseamento n\u00e3o s\u00e3o reembols\u00e1veis.<br \/>Assim que recebermos o produto, avali\u00e1-lo-emos e determinaremos se a devolu\u00e7\u00e3o \u00e9 adequada.<br \/>Note-se que nos reservamos o direito de recusar uma devolu\u00e7\u00e3o se o produto n\u00e3o cumprir os crit\u00e9rios da nossa pol\u00edtica de devolu\u00e7\u00e3o.<\/p><p>Obrigado por escolher a Shandong buy machine equipment co., ltd como seu fornecedor de produtos. <br \/>Se tiver alguma quest\u00e3o ou d\u00favida sobre a nossa pol\u00edtica de reembolso, n\u00e3o hesite em contactar-nos atrav\u00e9s do endere\u00e7o leo-yue@qilumachinery.com.<\/p>\t\t\t\t\t\t\t\t<\/div>\n\t\t\t\t<\/div>\n\t\t\t\t\t<\/div>\n\t\t<\/div>\n\t\t\t\t\t<\/div>\n\t\t<\/section>\n\t\t\t\t<\/div>","protected":false},"excerpt":{"rendered":"<p>Refund policy At Shandong buy machine equipment co., ltd\uff0cwe strive to provide high-quality products and excellent customer service. We understand that sometimes a product may not meet your expectations. In such an event, we offer a refund policy that allows you to return the product within a certain period of time from the date of [&hellip;]<\/p>\n","protected":false},"author":1,"featured_media":0,"parent":0,"menu_order":0,"comment_status":"closed","ping_status":"closed","template":"elementor_header_footer","meta":{"footnotes":""},"class_list":["post-1512","page","type-page","status-publish","hentry"],"blocksy_meta":{"styles_descriptor":{"styles":{"desktop":"","tablet":"","mobile":""},"google_fonts":[],"version":6}},"_links":{"self":[{"href":"https:\/\/buy-machine.com\/pt\/wp-json\/wp\/v2\/pages\/1512","targetHints":{"allow":["GET"]}}],"collection":[{"href":"https:\/\/buy-machine.com\/pt\/wp-json\/wp\/v2\/pages"}],"about":[{"href":"https:\/\/buy-machine.com\/pt\/wp-json\/wp\/v2\/types\/page"}],"author":[{"embeddable":true,"href":"https:\/\/buy-machine.com\/pt\/wp-json\/wp\/v2\/users\/1"}],"replies":[{"embeddable":true,"href":"https:\/\/buy-machine.com\/pt\/wp-json\/wp\/v2\/comments?post=1512"}],"version-history":[{"count":0,"href":"https:\/\/buy-machine.com\/pt\/wp-json\/wp\/v2\/pages\/1512\/revisions"}],"wp:attachment":[{"href":"https:\/\/buy-machine.com\/pt\/wp-json\/wp\/v2\/media?parent=1512"}],"curies":[{"name":"wp","href":"https:\/\/api.w.org\/{rel}","templated":true}]}}